{"id":804,"date":"2025-07-23T18:30:16","date_gmt":"2025-07-23T16:30:16","guid":{"rendered":"https:\/\/www.carrement-bon.be\/suarlee\/?post_type=product&#038;p=804"},"modified":"2025-09-11T08:20:44","modified_gmt":"2025-09-11T06:20:44","slug":"brioche-4-6-boules","status":"publish","type":"product","link":"https:\/\/www.carrement-bon.be\/suarlee\/produit\/brioche-4-6-boules\/","title":{"rendered":"BRIOCHE 4-6 BOULES"},"content":{"rendered":"","protected":false},"excerpt":{"rendered":"","protected":false},"featured_media":818,"template":"","meta":{"_acf_changed":false,"site-sidebar-layout":"default","site-content-layout":"","ast-site-content-layout":"default","site-content-style":"default","site-sidebar-style":"default","ast-global-header-display":"","ast-banner-title-visibility":"","ast-main-header-display":"","ast-hfb-above-header-display":"","ast-hfb-below-header-display":"","ast-hfb-mobile-header-display":"","site-post-title":"","ast-breadcrumbs-content":"","ast-featured-img":"","footer-sml-layout":"","theme-transparent-header-meta":"default","adv-header-id-meta":"","stick-header-meta":"","header-above-stick-meta":"","header-main-stick-meta":"","header-below-stick-meta":"","astra-migrate-meta-layouts":"set","ast-page-background-enabled":"default","ast-page-background-meta":{"desktop":{"background-color":"var(--ast-global-color-5)","background-image":"","background-repeat":"repeat","background-position":"center center","background-size":"auto","background-attachment":"scroll","background-type":"","background-media":"","overlay-type":"","overlay-color":"","overlay-opacity":"","overlay-gradient":""},"tablet":{"background-color":"","background-image":"","background-repeat":"repeat","background-position":"center center","background-size":"auto","background-attachment":"scroll","background-type":"","background-media":"","overlay-type":"","overlay-color":"","overlay-opacity":"","overlay-gradient":""},"mobile":{"background-color":"","background-image":"","background-repeat":"repeat","background-position":"center center","background-size":"auto","background-attachment":"scroll","background-type":"","background-media":"","overlay-type":"","overlay-color":"","overlay-opacity":"","overlay-gradient":""}},"ast-content-background-meta":{"desktop":{"background-color":"var(--ast-global-color-4)","background-image":"","background-repeat":"repeat","background-position":"center center","background-size":"auto","background-attachment":"scroll","background-type":"","background-media":"","overlay-type":"","overlay-color":"","overlay-opacity":"","overlay-gradient":""},"tablet":{"background-color":"var(--ast-global-color-4)","background-image":"","background-repeat":"repeat","background-position":"center center","background-size":"auto","background-attachment":"scroll","background-type":"","background-media":"","overlay-type":"","overlay-color":"","overlay-opacity":"","overlay-gradient":""},"mobile":{"background-color":"var(--ast-global-color-4)","background-image":"","background-repeat":"repeat","background-position":"center center","background-size":"auto","background-attachment":"scroll","background-type":"","background-media":"","overlay-type":"","overlay-color":"","overlay-opacity":"","overlay-gradient":""}}},"product_brand":[],"product_cat":[54],"product_tag":[],"class_list":{"0":"post-804","1":"product","2":"type-product","3":"status-publish","4":"has-post-thumbnail","6":"product_cat-viennoiserie","7":"desktop-align-left","8":"tablet-align-left","9":"mobile-align-left","11":"first","12":"onbackorder","13":"shipping-taxable","14":"purchasable","15":"product-type-variable"},"acf":[],"yoast_head":"<!-- This site is optimized with the Yoast SEO plugin v25.8 - https:\/\/yoast.com\/wordpress\/plugins\/seo\/ -->\n<title>BRIOCHE 4-6 BOULES - Carr\u00e9ment BON - Boutique de Suarl\u00e9e<\/title>\n<meta name=\"description\" content=\"Brioche 100% maison, \u00e0 la texture l\u00e9g\u00e8re et a\u00e9r\u00e9e, d\u00e9licatement sucr\u00e9e et parfum\u00e9e, id\u00e9ale pour un petit-d\u00e9jeuner gourmand ou une pause sucr\u00e9e \u00e0 Namur.\" \/>\n<meta name=\"robots\" content=\"index, follow, max-snippet:-1, max-image-preview:large, max-video-preview:-1\" \/>\n<link rel=\"canonical\" href=\"https:\/\/www.carrement-bon.be\/suarlee\/produit\/brioche-4-6-boules\/\" \/>\n<meta property=\"og:locale\" content=\"fr_FR\" \/>\n<meta property=\"og:type\" content=\"article\" \/>\n<meta property=\"og:title\" content=\"BRIOCHE 4-6 BOULES - Carr\u00e9ment BON - Boutique de Suarl\u00e9e\" \/>\n<meta property=\"og:description\" content=\"Brioche 100% maison, \u00e0 la texture l\u00e9g\u00e8re et a\u00e9r\u00e9e, d\u00e9licatement sucr\u00e9e et parfum\u00e9e, id\u00e9ale pour un petit-d\u00e9jeuner gourmand ou une pause sucr\u00e9e \u00e0 Namur.\" \/>\n<meta property=\"og:url\" content=\"https:\/\/www.carrement-bon.be\/suarlee\/produit\/brioche-4-6-boules\/\" \/>\n<meta property=\"og:site_name\" content=\"Carr\u00e9ment BON - Boutique de Suarl\u00e9e\" \/>\n<meta property=\"article:modified_time\" content=\"2025-09-11T06:20:44+00:00\" \/>\n<meta property=\"og:image\" content=\"https:\/\/www.carrement-bon.be\/suarlee\/wp-content\/uploads\/sites\/4\/2025\/07\/Brioche-generique-e1747043278759.png\" \/>\n\t<meta property=\"og:image:width\" content=\"1008\" \/>\n\t<meta property=\"og:image:height\" content=\"1175\" \/>\n\t<meta property=\"og:image:type\" content=\"image\/png\" \/>\n<meta name=\"twitter:card\" content=\"summary_large_image\" \/>\n<meta name=\"twitter:label1\" content=\"Dur\u00e9e de lecture estim\u00e9e\" \/>\n\t<meta name=\"twitter:data1\" content=\"1 minute\" \/>\n<script type=\"application\/ld+json\" class=\"yoast-schema-graph\">{\"@context\":\"https:\/\/schema.org\",\"@graph\":[{\"@type\":\"WebPage\",\"@id\":\"https:\/\/www.carrement-bon.be\/suarlee\/produit\/brioche-4-6-boules\/\",\"url\":\"https:\/\/www.carrement-bon.be\/suarlee\/produit\/brioche-4-6-boules\/\",\"name\":\"BRIOCHE 4-6 BOULES - Carr\u00e9ment BON - Boutique de Suarl\u00e9e\",\"isPartOf\":{\"@id\":\"https:\/\/www.carrement-bon.be\/suarlee\/#website\"},\"primaryImageOfPage\":{\"@id\":\"https:\/\/www.carrement-bon.be\/suarlee\/produit\/brioche-4-6-boules\/#primaryimage\"},\"image\":{\"@id\":\"https:\/\/www.carrement-bon.be\/suarlee\/produit\/brioche-4-6-boules\/#primaryimage\"},\"thumbnailUrl\":\"https:\/\/www.carrement-bon.be\/suarlee\/wp-content\/uploads\/sites\/4\/2025\/07\/Brioche-generique-e1747043278759.png\",\"datePublished\":\"2025-07-23T16:30:16+00:00\",\"dateModified\":\"2025-09-11T06:20:44+00:00\",\"description\":\"Brioche 100% maison, \u00e0 la texture l\u00e9g\u00e8re et a\u00e9r\u00e9e, d\u00e9licatement sucr\u00e9e et parfum\u00e9e, id\u00e9ale pour un petit-d\u00e9jeuner gourmand ou une pause sucr\u00e9e \u00e0 Namur.\",\"breadcrumb\":{\"@id\":\"https:\/\/www.carrement-bon.be\/suarlee\/produit\/brioche-4-6-boules\/#breadcrumb\"},\"inLanguage\":\"fr-FR\",\"potentialAction\":[{\"@type\":\"ReadAction\",\"target\":[\"https:\/\/www.carrement-bon.be\/suarlee\/produit\/brioche-4-6-boules\/\"]}]},{\"@type\":\"ImageObject\",\"inLanguage\":\"fr-FR\",\"@id\":\"https:\/\/www.carrement-bon.be\/suarlee\/produit\/brioche-4-6-boules\/#primaryimage\",\"url\":\"https:\/\/www.carrement-bon.be\/suarlee\/wp-content\/uploads\/sites\/4\/2025\/07\/Brioche-generique-e1747043278759.png\",\"contentUrl\":\"https:\/\/www.carrement-bon.be\/suarlee\/wp-content\/uploads\/sites\/4\/2025\/07\/Brioche-generique-e1747043278759.png\",\"width\":1008,\"height\":1175},{\"@type\":\"BreadcrumbList\",\"@id\":\"https:\/\/www.carrement-bon.be\/suarlee\/produit\/brioche-4-6-boules\/#breadcrumb\",\"itemListElement\":[{\"@type\":\"ListItem\",\"position\":1,\"name\":\"ACCUEIL\",\"item\":\"https:\/\/www.carrement-bon.be\/suarlee\/\"},{\"@type\":\"ListItem\",\"position\":2,\"name\":\"VIENNOISERIE\",\"item\":\"https:\/\/www.carrement-bon.be\/suarlee\/categorie-produit\/viennoiserie\/\"},{\"@type\":\"ListItem\",\"position\":3,\"name\":\"BRIOCHE 4-6 BOULES\"}]},{\"@type\":\"WebSite\",\"@id\":\"https:\/\/www.carrement-bon.be\/suarlee\/#website\",\"url\":\"https:\/\/www.carrement-bon.be\/suarlee\/\",\"name\":\"Carr\u00e9ment BON - Boutique de Bouge\",\"description\":\"Du rond, du bon, du carr\u00e9ment BON\",\"publisher\":{\"@id\":\"https:\/\/www.carrement-bon.be\/suarlee\/#organization\"},\"potentialAction\":[{\"@type\":\"SearchAction\",\"target\":{\"@type\":\"EntryPoint\",\"urlTemplate\":\"https:\/\/www.carrement-bon.be\/suarlee\/?s={search_term_string}\"},\"query-input\":{\"@type\":\"PropertyValueSpecification\",\"valueRequired\":true,\"valueName\":\"search_term_string\"}}],\"inLanguage\":\"fr-FR\"},{\"@type\":\"Organization\",\"@id\":\"https:\/\/www.carrement-bon.be\/suarlee\/#organization\",\"name\":\"Carr\u00e9ment BON - Boutique de Bouge\",\"url\":\"https:\/\/www.carrement-bon.be\/suarlee\/\",\"logo\":{\"@type\":\"ImageObject\",\"inLanguage\":\"fr-FR\",\"@id\":\"https:\/\/www.carrement-bon.be\/suarlee\/#\/schema\/logo\/image\/\",\"url\":\"https:\/\/www.carrement-bon.be\/suarlee\/wp-content\/uploads\/sites\/4\/2025\/07\/cropped-carrementbonlogomenumobile.jpg\",\"contentUrl\":\"https:\/\/www.carrement-bon.be\/suarlee\/wp-content\/uploads\/sites\/4\/2025\/07\/cropped-carrementbonlogomenumobile.jpg\",\"width\":150,\"height\":150,\"caption\":\"Carr\u00e9ment BON - Boutique de Bouge\"},\"image\":{\"@id\":\"https:\/\/www.carrement-bon.be\/suarlee\/#\/schema\/logo\/image\/\"}}]}<\/script>\n<!-- \/ Yoast SEO plugin. -->","yoast_head_json":{"title":"BRIOCHE 4-6 BOULES - Carr\u00e9ment BON - Boutique de Suarl\u00e9e","description":"Brioche 100% maison, \u00e0 la texture l\u00e9g\u00e8re et a\u00e9r\u00e9e, d\u00e9licatement sucr\u00e9e et parfum\u00e9e, id\u00e9ale pour un petit-d\u00e9jeuner gourmand ou une pause sucr\u00e9e \u00e0 Namur.","robots":{"index":"index","follow":"follow","max-snippet":"max-snippet:-1","max-image-preview":"max-image-preview:large","max-video-preview":"max-video-preview:-1"},"canonical":"https:\/\/www.carrement-bon.be\/suarlee\/produit\/brioche-4-6-boules\/","og_locale":"fr_FR","og_type":"article","og_title":"BRIOCHE 4-6 BOULES - Carr\u00e9ment BON - Boutique de Suarl\u00e9e","og_description":"Brioche 100% maison, \u00e0 la texture l\u00e9g\u00e8re et a\u00e9r\u00e9e, d\u00e9licatement sucr\u00e9e et parfum\u00e9e, id\u00e9ale pour un petit-d\u00e9jeuner gourmand ou une pause sucr\u00e9e \u00e0 Namur.","og_url":"https:\/\/www.carrement-bon.be\/suarlee\/produit\/brioche-4-6-boules\/","og_site_name":"Carr\u00e9ment BON - Boutique de Suarl\u00e9e","article_modified_time":"2025-09-11T06:20:44+00:00","og_image":[{"width":1008,"height":1175,"url":"https:\/\/www.carrement-bon.be\/suarlee\/wp-content\/uploads\/sites\/4\/2025\/07\/Brioche-generique-e1747043278759.png","type":"image\/png"}],"twitter_card":"summary_large_image","twitter_misc":{"Dur\u00e9e de lecture estim\u00e9e":"1 minute"},"schema":{"@context":"https:\/\/schema.org","@graph":[{"@type":"WebPage","@id":"https:\/\/www.carrement-bon.be\/suarlee\/produit\/brioche-4-6-boules\/","url":"https:\/\/www.carrement-bon.be\/suarlee\/produit\/brioche-4-6-boules\/","name":"BRIOCHE 4-6 BOULES - Carr\u00e9ment BON - Boutique de Suarl\u00e9e","isPartOf":{"@id":"https:\/\/www.carrement-bon.be\/suarlee\/#website"},"primaryImageOfPage":{"@id":"https:\/\/www.carrement-bon.be\/suarlee\/produit\/brioche-4-6-boules\/#primaryimage"},"image":{"@id":"https:\/\/www.carrement-bon.be\/suarlee\/produit\/brioche-4-6-boules\/#primaryimage"},"thumbnailUrl":"https:\/\/www.carrement-bon.be\/suarlee\/wp-content\/uploads\/sites\/4\/2025\/07\/Brioche-generique-e1747043278759.png","datePublished":"2025-07-23T16:30:16+00:00","dateModified":"2025-09-11T06:20:44+00:00","description":"Brioche 100% maison, \u00e0 la texture l\u00e9g\u00e8re et a\u00e9r\u00e9e, d\u00e9licatement sucr\u00e9e et parfum\u00e9e, id\u00e9ale pour un petit-d\u00e9jeuner gourmand ou une pause sucr\u00e9e \u00e0 Namur.","breadcrumb":{"@id":"https:\/\/www.carrement-bon.be\/suarlee\/produit\/brioche-4-6-boules\/#breadcrumb"},"inLanguage":"fr-FR","potentialAction":[{"@type":"ReadAction","target":["https:\/\/www.carrement-bon.be\/suarlee\/produit\/brioche-4-6-boules\/"]}]},{"@type":"ImageObject","inLanguage":"fr-FR","@id":"https:\/\/www.carrement-bon.be\/suarlee\/produit\/brioche-4-6-boules\/#primaryimage","url":"https:\/\/www.carrement-bon.be\/suarlee\/wp-content\/uploads\/sites\/4\/2025\/07\/Brioche-generique-e1747043278759.png","contentUrl":"https:\/\/www.carrement-bon.be\/suarlee\/wp-content\/uploads\/sites\/4\/2025\/07\/Brioche-generique-e1747043278759.png","width":1008,"height":1175},{"@type":"BreadcrumbList","@id":"https:\/\/www.carrement-bon.be\/suarlee\/produit\/brioche-4-6-boules\/#breadcrumb","itemListElement":[{"@type":"ListItem","position":1,"name":"ACCUEIL","item":"https:\/\/www.carrement-bon.be\/suarlee\/"},{"@type":"ListItem","position":2,"name":"VIENNOISERIE","item":"https:\/\/www.carrement-bon.be\/suarlee\/categorie-produit\/viennoiserie\/"},{"@type":"ListItem","position":3,"name":"BRIOCHE 4-6 BOULES"}]},{"@type":"WebSite","@id":"https:\/\/www.carrement-bon.be\/suarlee\/#website","url":"https:\/\/www.carrement-bon.be\/suarlee\/","name":"Carr\u00e9ment BON - Boutique de Bouge","description":"Du rond, du bon, du carr\u00e9ment BON","publisher":{"@id":"https:\/\/www.carrement-bon.be\/suarlee\/#organization"},"potentialAction":[{"@type":"SearchAction","target":{"@type":"EntryPoint","urlTemplate":"https:\/\/www.carrement-bon.be\/suarlee\/?s={search_term_string}"},"query-input":{"@type":"PropertyValueSpecification","valueRequired":true,"valueName":"search_term_string"}}],"inLanguage":"fr-FR"},{"@type":"Organization","@id":"https:\/\/www.carrement-bon.be\/suarlee\/#organization","name":"Carr\u00e9ment BON - Boutique de Bouge","url":"https:\/\/www.carrement-bon.be\/suarlee\/","logo":{"@type":"ImageObject","inLanguage":"fr-FR","@id":"https:\/\/www.carrement-bon.be\/suarlee\/#\/schema\/logo\/image\/","url":"https:\/\/www.carrement-bon.be\/suarlee\/wp-content\/uploads\/sites\/4\/2025\/07\/cropped-carrementbonlogomenumobile.jpg","contentUrl":"https:\/\/www.carrement-bon.be\/suarlee\/wp-content\/uploads\/sites\/4\/2025\/07\/cropped-carrementbonlogomenumobile.jpg","width":150,"height":150,"caption":"Carr\u00e9ment BON - Boutique de Bouge"},"image":{"@id":"https:\/\/www.carrement-bon.be\/suarlee\/#\/schema\/logo\/image\/"}}]}},"_links":{"self":[{"href":"https:\/\/www.carrement-bon.be\/suarlee\/wp-json\/wp\/v2\/product\/804","targetHints":{"allow":["GET"]}}],"collection":[{"href":"https:\/\/www.carrement-bon.be\/suarlee\/wp-json\/wp\/v2\/product"}],"about":[{"href":"https:\/\/www.carrement-bon.be\/suarlee\/wp-json\/wp\/v2\/types\/product"}],"wp:featuredmedia":[{"embeddable":true,"href":"https:\/\/www.carrement-bon.be\/suarlee\/wp-json\/wp\/v2\/media\/818"}],"wp:attachment":[{"href":"https:\/\/www.carrement-bon.be\/suarlee\/wp-json\/wp\/v2\/media?parent=804"}],"wp:term":[{"taxonomy":"product_brand","embeddable":true,"href":"https:\/\/www.carrement-bon.be\/suarlee\/wp-json\/wp\/v2\/product_brand?post=804"},{"taxonomy":"product_cat","embeddable":true,"href":"https:\/\/www.carrement-bon.be\/suarlee\/wp-json\/wp\/v2\/product_cat?post=804"},{"taxonomy":"product_tag","embeddable":true,"href":"https:\/\/www.carrement-bon.be\/suarlee\/wp-json\/wp\/v2\/product_tag?post=804"}],"curies":[{"name":"wp","href":"https:\/\/api.w.org\/{rel}","templated":true}]}}