{"id":442,"date":"2024-05-07T11:35:54","date_gmt":"2024-05-07T09:35:54","guid":{"rendered":"https:\/\/www.carrement-bon.be\/suarlee\/produit\/plaquette-chocolat-ind\/"},"modified":"2025-09-11T08:20:38","modified_gmt":"2025-09-11T06:20:38","slug":"plaquette-chocolat-ind","status":"publish","type":"product","link":"https:\/\/www.carrement-bon.be\/suarlee\/produit\/plaquette-chocolat-ind\/","title":{"rendered":"PLAQUETTE CHOCOLAT IND"},"content":{"rendered":"<p>Tablette de chocolat lait bean-to-bar V\u00e9n\u00e9zuela 45% de 9 X 9 cm. Le terme bean to bar signifie \u00ab\u00a0de la f\u00e8ve \u00e0 la tablette\u00a0\u00bb et fait r\u00e9f\u00e9rence \u00e0 la fabrication artisanale compl\u00e8te du chocolat en partant de la f\u00e8ve jusqu\u2019\u00e0 la r\u00e9alisation de la tablette et autres produits chocolat\u00e9s . Cela int\u00e8gre les \u00e9tapes de  torr\u00e9faction des f\u00e8ves s\u00e9lectionn\u00e9es, broyage, conchage et temp\u00e9rage, le moulage et l\u2019enrobage. Le bean-to-bar, c\u2019est s\u2019ouvrir &#8211; comme pour le vin &#8211; \u00e0 une palette infinie de saveurs et tonalit\u00e9s gustatives.\u201cCroquer dans une tablette bean-to-bar, c\u2019est comme manger du chocolat pour la premi\u00e8re fois\u201d<br \/>\nEnviron 55 g<\/p>\n","protected":false},"excerpt":{"rendered":"<p>Tablette de chocolat lait bean-to-bar V\u00e9n\u00e9zuela 45% de 9 X 9 cm. Le terme bean to bar signifie \u00ab\u00a0de la [&hellip;]<\/p>\n","protected":false},"featured_media":96,"template":"","meta":{"_acf_changed":false,"site-sidebar-layout":"default","site-content-layout":"","ast-site-content-layout":"default","site-content-style":"default","site-sidebar-style":"default","ast-global-header-display":"","ast-banner-title-visibility":"","ast-main-header-display":"","ast-hfb-above-header-display":"","ast-hfb-below-header-display":"","ast-hfb-mobile-header-display":"","site-post-title":"","ast-breadcrumbs-content":"","ast-featured-img":"","footer-sml-layout":"","theme-transparent-header-meta":"","adv-header-id-meta":"","stick-header-meta":"","header-above-stick-meta":"","header-main-stick-meta":"","header-below-stick-meta":"","astra-migrate-meta-layouts":"default","ast-page-background-enabled":"default","ast-page-background-meta":{"desktop":{"background-color":"var(--ast-global-color-5)","background-image":"","background-repeat":"repeat","background-position":"center center","background-size":"auto","background-attachment":"scroll","background-type":"","background-media":"","overlay-type":"","overlay-color":"","overlay-opacity":"","overlay-gradient":""},"tablet":{"background-color":"","background-image":"","background-repeat":"repeat","background-position":"center center","background-size":"auto","background-attachment":"scroll","background-type":"","background-media":"","overlay-type":"","overlay-color":"","overlay-opacity":"","overlay-gradient":""},"mobile":{"background-color":"","background-image":"","background-repeat":"repeat","background-position":"center center","background-size":"auto","background-attachment":"scroll","background-type":"","background-media":"","overlay-type":"","overlay-color":"","overlay-opacity":"","overlay-gradient":""}},"ast-content-background-meta":{"desktop":{"background-color":"var(--ast-global-color-4)","background-image":"","background-repeat":"repeat","background-position":"center center","background-size":"auto","background-attachment":"scroll","background-type":"","background-media":"","overlay-type":"","overlay-color":"","overlay-opacity":"","overlay-gradient":""},"tablet":{"background-color":"var(--ast-global-color-4)","background-image":"","background-repeat":"repeat","background-position":"center center","background-size":"auto","background-attachment":"scroll","background-type":"","background-media":"","overlay-type":"","overlay-color":"","overlay-opacity":"","overlay-gradient":""},"mobile":{"background-color":"var(--ast-global-color-4)","background-image":"","background-repeat":"repeat","background-position":"center center","background-size":"auto","background-attachment":"scroll","background-type":"","background-media":"","overlay-type":"","overlay-color":"","overlay-opacity":"","overlay-gradient":""}}},"product_brand":[],"product_cat":[18],"product_tag":[],"class_list":{"0":"post-442","1":"product","2":"type-product","3":"status-publish","4":"has-post-thumbnail","6":"product_cat-epicerie-fine","7":"desktop-align-left","8":"tablet-align-left","9":"mobile-align-left","11":"first","12":"onbackorder","13":"shipping-taxable","14":"purchasable","15":"product-type-simple"},"acf":[],"yoast_head":"<!-- This site is optimized with the Yoast SEO plugin v25.8 - https:\/\/yoast.com\/wordpress\/plugins\/seo\/ -->\n<title>PLAQUETTE CHOCOLAT IND - Carr\u00e9ment BON - Boutique de Suarl\u00e9e<\/title>\n<meta name=\"robots\" content=\"index, follow, max-snippet:-1, max-image-preview:large, max-video-preview:-1\" \/>\n<link rel=\"canonical\" href=\"https:\/\/www.carrement-bon.be\/suarlee\/produit\/plaquette-chocolat-ind\/\" \/>\n<meta property=\"og:locale\" content=\"fr_FR\" \/>\n<meta property=\"og:type\" content=\"article\" \/>\n<meta property=\"og:title\" content=\"PLAQUETTE CHOCOLAT IND - Carr\u00e9ment BON - Boutique de Suarl\u00e9e\" \/>\n<meta property=\"og:description\" content=\"Tablette de chocolat lait bean-to-bar V\u00e9n\u00e9zuela 45% de 9 X 9 cm. Le terme bean to bar signifie \u00ab\u00a0de la [&hellip;]\" \/>\n<meta property=\"og:url\" content=\"https:\/\/www.carrement-bon.be\/suarlee\/produit\/plaquette-chocolat-ind\/\" \/>\n<meta property=\"og:site_name\" content=\"Carr\u00e9ment BON - Boutique de Suarl\u00e9e\" \/>\n<meta property=\"article:modified_time\" content=\"2025-09-11T06:20:38+00:00\" \/>\n<meta property=\"og:image\" content=\"https:\/\/www.carrement-bon.be\/suarlee\/wp-content\/uploads\/sites\/4\/2023\/03\/00110211-plaquetteind.jpg\" \/>\n\t<meta property=\"og:image:width\" content=\"720\" \/>\n\t<meta property=\"og:image:height\" content=\"480\" \/>\n\t<meta property=\"og:image:type\" content=\"image\/jpeg\" \/>\n<meta name=\"twitter:card\" content=\"summary_large_image\" \/>\n<meta name=\"twitter:label1\" content=\"Dur\u00e9e de lecture estim\u00e9e\" \/>\n\t<meta name=\"twitter:data1\" content=\"1 minute\" \/>\n<script type=\"application\/ld+json\" class=\"yoast-schema-graph\">{\"@context\":\"https:\/\/schema.org\",\"@graph\":[{\"@type\":\"WebPage\",\"@id\":\"https:\/\/www.carrement-bon.be\/suarlee\/produit\/plaquette-chocolat-ind\/\",\"url\":\"https:\/\/www.carrement-bon.be\/suarlee\/produit\/plaquette-chocolat-ind\/\",\"name\":\"PLAQUETTE CHOCOLAT IND - Carr\u00e9ment BON - Boutique de Suarl\u00e9e\",\"isPartOf\":{\"@id\":\"https:\/\/www.carrement-bon.be\/suarlee\/#website\"},\"primaryImageOfPage\":{\"@id\":\"https:\/\/www.carrement-bon.be\/suarlee\/produit\/plaquette-chocolat-ind\/#primaryimage\"},\"image\":{\"@id\":\"https:\/\/www.carrement-bon.be\/suarlee\/produit\/plaquette-chocolat-ind\/#primaryimage\"},\"thumbnailUrl\":\"https:\/\/www.carrement-bon.be\/suarlee\/wp-content\/uploads\/sites\/4\/2023\/03\/00110211-plaquetteind.jpg\",\"datePublished\":\"2024-05-07T09:35:54+00:00\",\"dateModified\":\"2025-09-11T06:20:38+00:00\",\"breadcrumb\":{\"@id\":\"https:\/\/www.carrement-bon.be\/suarlee\/produit\/plaquette-chocolat-ind\/#breadcrumb\"},\"inLanguage\":\"fr-FR\",\"potentialAction\":[{\"@type\":\"ReadAction\",\"target\":[\"https:\/\/www.carrement-bon.be\/suarlee\/produit\/plaquette-chocolat-ind\/\"]}]},{\"@type\":\"ImageObject\",\"inLanguage\":\"fr-FR\",\"@id\":\"https:\/\/www.carrement-bon.be\/suarlee\/produit\/plaquette-chocolat-ind\/#primaryimage\",\"url\":\"https:\/\/www.carrement-bon.be\/suarlee\/wp-content\/uploads\/sites\/4\/2023\/03\/00110211-plaquetteind.jpg\",\"contentUrl\":\"https:\/\/www.carrement-bon.be\/suarlee\/wp-content\/uploads\/sites\/4\/2023\/03\/00110211-plaquetteind.jpg\",\"width\":720,\"height\":480},{\"@type\":\"BreadcrumbList\",\"@id\":\"https:\/\/www.carrement-bon.be\/suarlee\/produit\/plaquette-chocolat-ind\/#breadcrumb\",\"itemListElement\":[{\"@type\":\"ListItem\",\"position\":1,\"name\":\"ACCUEIL\",\"item\":\"https:\/\/www.carrement-bon.be\/suarlee\/\"},{\"@type\":\"ListItem\",\"position\":2,\"name\":\"EPICERIE FINE\",\"item\":\"https:\/\/www.carrement-bon.be\/suarlee\/categorie-produit\/epicerie-fine\/\"},{\"@type\":\"ListItem\",\"position\":3,\"name\":\"PLAQUETTE CHOCOLAT IND\"}]},{\"@type\":\"WebSite\",\"@id\":\"https:\/\/www.carrement-bon.be\/suarlee\/#website\",\"url\":\"https:\/\/www.carrement-bon.be\/suarlee\/\",\"name\":\"Carr\u00e9ment BON - Boutique de Bouge\",\"description\":\"Du rond, du bon, du carr\u00e9ment BON\",\"publisher\":{\"@id\":\"https:\/\/www.carrement-bon.be\/suarlee\/#organization\"},\"potentialAction\":[{\"@type\":\"SearchAction\",\"target\":{\"@type\":\"EntryPoint\",\"urlTemplate\":\"https:\/\/www.carrement-bon.be\/suarlee\/?s={search_term_string}\"},\"query-input\":{\"@type\":\"PropertyValueSpecification\",\"valueRequired\":true,\"valueName\":\"search_term_string\"}}],\"inLanguage\":\"fr-FR\"},{\"@type\":\"Organization\",\"@id\":\"https:\/\/www.carrement-bon.be\/suarlee\/#organization\",\"name\":\"Carr\u00e9ment BON - Boutique de Bouge\",\"url\":\"https:\/\/www.carrement-bon.be\/suarlee\/\",\"logo\":{\"@type\":\"ImageObject\",\"inLanguage\":\"fr-FR\",\"@id\":\"https:\/\/www.carrement-bon.be\/suarlee\/#\/schema\/logo\/image\/\",\"url\":\"https:\/\/www.carrement-bon.be\/suarlee\/wp-content\/uploads\/sites\/4\/2025\/07\/cropped-carrementbonlogomenumobile.jpg\",\"contentUrl\":\"https:\/\/www.carrement-bon.be\/suarlee\/wp-content\/uploads\/sites\/4\/2025\/07\/cropped-carrementbonlogomenumobile.jpg\",\"width\":150,\"height\":150,\"caption\":\"Carr\u00e9ment BON - Boutique de Bouge\"},\"image\":{\"@id\":\"https:\/\/www.carrement-bon.be\/suarlee\/#\/schema\/logo\/image\/\"}}]}<\/script>\n<!-- \/ Yoast SEO plugin. -->","yoast_head_json":{"title":"PLAQUETTE CHOCOLAT IND - Carr\u00e9ment BON - Boutique de Suarl\u00e9e","robots":{"index":"index","follow":"follow","max-snippet":"max-snippet:-1","max-image-preview":"max-image-preview:large","max-video-preview":"max-video-preview:-1"},"canonical":"https:\/\/www.carrement-bon.be\/suarlee\/produit\/plaquette-chocolat-ind\/","og_locale":"fr_FR","og_type":"article","og_title":"PLAQUETTE CHOCOLAT IND - Carr\u00e9ment BON - Boutique de Suarl\u00e9e","og_description":"Tablette de chocolat lait bean-to-bar V\u00e9n\u00e9zuela 45% de 9 X 9 cm. Le terme bean to bar signifie \u00ab\u00a0de la [&hellip;]","og_url":"https:\/\/www.carrement-bon.be\/suarlee\/produit\/plaquette-chocolat-ind\/","og_site_name":"Carr\u00e9ment BON - Boutique de Suarl\u00e9e","article_modified_time":"2025-09-11T06:20:38+00:00","og_image":[{"width":720,"height":480,"url":"https:\/\/www.carrement-bon.be\/suarlee\/wp-content\/uploads\/sites\/4\/2023\/03\/00110211-plaquetteind.jpg","type":"image\/jpeg"}],"twitter_card":"summary_large_image","twitter_misc":{"Dur\u00e9e de lecture estim\u00e9e":"1 minute"},"schema":{"@context":"https:\/\/schema.org","@graph":[{"@type":"WebPage","@id":"https:\/\/www.carrement-bon.be\/suarlee\/produit\/plaquette-chocolat-ind\/","url":"https:\/\/www.carrement-bon.be\/suarlee\/produit\/plaquette-chocolat-ind\/","name":"PLAQUETTE CHOCOLAT IND - Carr\u00e9ment BON - Boutique de Suarl\u00e9e","isPartOf":{"@id":"https:\/\/www.carrement-bon.be\/suarlee\/#website"},"primaryImageOfPage":{"@id":"https:\/\/www.carrement-bon.be\/suarlee\/produit\/plaquette-chocolat-ind\/#primaryimage"},"image":{"@id":"https:\/\/www.carrement-bon.be\/suarlee\/produit\/plaquette-chocolat-ind\/#primaryimage"},"thumbnailUrl":"https:\/\/www.carrement-bon.be\/suarlee\/wp-content\/uploads\/sites\/4\/2023\/03\/00110211-plaquetteind.jpg","datePublished":"2024-05-07T09:35:54+00:00","dateModified":"2025-09-11T06:20:38+00:00","breadcrumb":{"@id":"https:\/\/www.carrement-bon.be\/suarlee\/produit\/plaquette-chocolat-ind\/#breadcrumb"},"inLanguage":"fr-FR","potentialAction":[{"@type":"ReadAction","target":["https:\/\/www.carrement-bon.be\/suarlee\/produit\/plaquette-chocolat-ind\/"]}]},{"@type":"ImageObject","inLanguage":"fr-FR","@id":"https:\/\/www.carrement-bon.be\/suarlee\/produit\/plaquette-chocolat-ind\/#primaryimage","url":"https:\/\/www.carrement-bon.be\/suarlee\/wp-content\/uploads\/sites\/4\/2023\/03\/00110211-plaquetteind.jpg","contentUrl":"https:\/\/www.carrement-bon.be\/suarlee\/wp-content\/uploads\/sites\/4\/2023\/03\/00110211-plaquetteind.jpg","width":720,"height":480},{"@type":"BreadcrumbList","@id":"https:\/\/www.carrement-bon.be\/suarlee\/produit\/plaquette-chocolat-ind\/#breadcrumb","itemListElement":[{"@type":"ListItem","position":1,"name":"ACCUEIL","item":"https:\/\/www.carrement-bon.be\/suarlee\/"},{"@type":"ListItem","position":2,"name":"EPICERIE FINE","item":"https:\/\/www.carrement-bon.be\/suarlee\/categorie-produit\/epicerie-fine\/"},{"@type":"ListItem","position":3,"name":"PLAQUETTE CHOCOLAT IND"}]},{"@type":"WebSite","@id":"https:\/\/www.carrement-bon.be\/suarlee\/#website","url":"https:\/\/www.carrement-bon.be\/suarlee\/","name":"Carr\u00e9ment BON - Boutique de Bouge","description":"Du rond, du bon, du carr\u00e9ment BON","publisher":{"@id":"https:\/\/www.carrement-bon.be\/suarlee\/#organization"},"potentialAction":[{"@type":"SearchAction","target":{"@type":"EntryPoint","urlTemplate":"https:\/\/www.carrement-bon.be\/suarlee\/?s={search_term_string}"},"query-input":{"@type":"PropertyValueSpecification","valueRequired":true,"valueName":"search_term_string"}}],"inLanguage":"fr-FR"},{"@type":"Organization","@id":"https:\/\/www.carrement-bon.be\/suarlee\/#organization","name":"Carr\u00e9ment BON - Boutique de Bouge","url":"https:\/\/www.carrement-bon.be\/suarlee\/","logo":{"@type":"ImageObject","inLanguage":"fr-FR","@id":"https:\/\/www.carrement-bon.be\/suarlee\/#\/schema\/logo\/image\/","url":"https:\/\/www.carrement-bon.be\/suarlee\/wp-content\/uploads\/sites\/4\/2025\/07\/cropped-carrementbonlogomenumobile.jpg","contentUrl":"https:\/\/www.carrement-bon.be\/suarlee\/wp-content\/uploads\/sites\/4\/2025\/07\/cropped-carrementbonlogomenumobile.jpg","width":150,"height":150,"caption":"Carr\u00e9ment BON - Boutique de Bouge"},"image":{"@id":"https:\/\/www.carrement-bon.be\/suarlee\/#\/schema\/logo\/image\/"}}]}},"_links":{"self":[{"href":"https:\/\/www.carrement-bon.be\/suarlee\/wp-json\/wp\/v2\/product\/442","targetHints":{"allow":["GET"]}}],"collection":[{"href":"https:\/\/www.carrement-bon.be\/suarlee\/wp-json\/wp\/v2\/product"}],"about":[{"href":"https:\/\/www.carrement-bon.be\/suarlee\/wp-json\/wp\/v2\/types\/product"}],"wp:featuredmedia":[{"embeddable":true,"href":"https:\/\/www.carrement-bon.be\/suarlee\/wp-json\/wp\/v2\/media\/96"}],"wp:attachment":[{"href":"https:\/\/www.carrement-bon.be\/suarlee\/wp-json\/wp\/v2\/media?parent=442"}],"wp:term":[{"taxonomy":"product_brand","embeddable":true,"href":"https:\/\/www.carrement-bon.be\/suarlee\/wp-json\/wp\/v2\/product_brand?post=442"},{"taxonomy":"product_cat","embeddable":true,"href":"https:\/\/www.carrement-bon.be\/suarlee\/wp-json\/wp\/v2\/product_cat?post=442"},{"taxonomy":"product_tag","embeddable":true,"href":"https:\/\/www.carrement-bon.be\/suarlee\/wp-json\/wp\/v2\/product_tag?post=442"}],"curies":[{"name":"wp","href":"https:\/\/api.w.org\/{rel}","templated":true}]}}