{"id":347,"date":"2024-05-07T11:35:34","date_gmt":"2024-05-07T09:35:34","guid":{"rendered":"https:\/\/www.carrement-bon.be\/suarlee\/?post_type=product&#038;p=347"},"modified":"2025-09-11T08:20:46","modified_gmt":"2025-09-11T06:20:46","slug":"gd-vivaldi","status":"publish","type":"product","link":"https:\/\/www.carrement-bon.be\/suarlee\/produit\/gd-vivaldi\/","title":{"rendered":"VIVALDI"},"content":{"rendered":"<p>Pain gris multi-c\u00e9r\u00e9ales au levain naturel nourri quotidiennement. Il profite de longues heures de lente fermentation et est compos\u00e9 essentiellement de farine de froment, seigle, d\u2019orge et de graines torr\u00e9fi\u00e9es (soja, lin, tournesol et s\u00e9same). <\/p>\n","protected":false},"excerpt":{"rendered":"<p>Pain gris multi-c\u00e9r\u00e9ales au levain naturel nourri quotidiennement. Il profite de longues heures de lente fermentation et est compos\u00e9 essentiellement [&hellip;]<\/p>\n","protected":false},"featured_media":49,"template":"","meta":{"_acf_changed":false,"site-sidebar-layout":"default","site-content-layout":"","ast-site-content-layout":"default","site-content-style":"default","site-sidebar-style":"default","ast-global-header-display":"","ast-banner-title-visibility":"","ast-main-header-display":"","ast-hfb-above-header-display":"","ast-hfb-below-header-display":"","ast-hfb-mobile-header-display":"","site-post-title":"","ast-breadcrumbs-content":"","ast-featured-img":"","footer-sml-layout":"","theme-transparent-header-meta":"","adv-header-id-meta":"","stick-header-meta":"","header-above-stick-meta":"","header-main-stick-meta":"","header-below-stick-meta":"","astra-migrate-meta-layouts":"default","ast-page-background-enabled":"default","ast-page-background-meta":{"desktop":{"background-color":"var(--ast-global-color-5)","background-image":"","background-repeat":"repeat","background-position":"center center","background-size":"auto","background-attachment":"scroll","background-type":"","background-media":"","overlay-type":"","overlay-color":"","overlay-opacity":"","overlay-gradient":""},"tablet":{"background-color":"","background-image":"","background-repeat":"repeat","background-position":"center center","background-size":"auto","background-attachment":"scroll","background-type":"","background-media":"","overlay-type":"","overlay-color":"","overlay-opacity":"","overlay-gradient":""},"mobile":{"background-color":"","background-image":"","background-repeat":"repeat","background-position":"center center","background-size":"auto","background-attachment":"scroll","background-type":"","background-media":"","overlay-type":"","overlay-color":"","overlay-opacity":"","overlay-gradient":""}},"ast-content-background-meta":{"desktop":{"background-color":"var(--ast-global-color-4)","background-image":"","background-repeat":"repeat","background-position":"center center","background-size":"auto","background-attachment":"scroll","background-type":"","background-media":"","overlay-type":"","overlay-color":"","overlay-opacity":"","overlay-gradient":""},"tablet":{"background-color":"var(--ast-global-color-4)","background-image":"","background-repeat":"repeat","background-position":"center center","background-size":"auto","background-attachment":"scroll","background-type":"","background-media":"","overlay-type":"","overlay-color":"","overlay-opacity":"","overlay-gradient":""},"mobile":{"background-color":"var(--ast-global-color-4)","background-image":"","background-repeat":"repeat","background-position":"center center","background-size":"auto","background-attachment":"scroll","background-type":"","background-media":"","overlay-type":"","overlay-color":"","overlay-opacity":"","overlay-gradient":""}}},"product_brand":[],"product_cat":[16],"product_tag":[19,20,21],"class_list":{"0":"post-347","1":"product","2":"type-product","3":"status-publish","4":"has-post-thumbnail","6":"product_cat-comptoir-du-pain","7":"product_tag-gluten","8":"product_tag-sesame","9":"product_tag-soja","10":"desktop-align-left","11":"tablet-align-left","12":"mobile-align-left","14":"first","15":"onbackorder","16":"shipping-taxable","17":"purchasable","18":"product-type-variable","19":"has-default-attributes"},"acf":[],"yoast_head":"<!-- This site is optimized with the Yoast SEO plugin v25.8 - https:\/\/yoast.com\/wordpress\/plugins\/seo\/ -->\n<title>VIVALDI - Carr\u00e9ment BON - Boutique de Suarl\u00e9e<\/title>\n<meta name=\"robots\" content=\"index, follow, max-snippet:-1, max-image-preview:large, max-video-preview:-1\" \/>\n<link rel=\"canonical\" href=\"https:\/\/www.carrement-bon.be\/suarlee\/produit\/gd-vivaldi\/\" \/>\n<meta property=\"og:locale\" content=\"fr_FR\" \/>\n<meta property=\"og:type\" content=\"article\" \/>\n<meta property=\"og:title\" content=\"VIVALDI - Carr\u00e9ment BON - Boutique de Suarl\u00e9e\" \/>\n<meta property=\"og:description\" content=\"Pain gris multi-c\u00e9r\u00e9ales au levain naturel nourri quotidiennement. Il profite de longues heures de lente fermentation et est compos\u00e9 essentiellement [&hellip;]\" \/>\n<meta property=\"og:url\" content=\"https:\/\/www.carrement-bon.be\/suarlee\/produit\/gd-vivaldi\/\" \/>\n<meta property=\"og:site_name\" content=\"Carr\u00e9ment BON - Boutique de Suarl\u00e9e\" \/>\n<meta property=\"article:modified_time\" content=\"2025-09-11T06:20:46+00:00\" \/>\n<meta property=\"og:image\" content=\"https:\/\/www.carrement-bon.be\/suarlee\/wp-content\/uploads\/sites\/4\/2023\/03\/00000022-vivaldi.jpg\" \/>\n\t<meta property=\"og:image:width\" content=\"720\" \/>\n\t<meta property=\"og:image:height\" content=\"480\" \/>\n\t<meta property=\"og:image:type\" content=\"image\/jpeg\" \/>\n<meta name=\"twitter:card\" content=\"summary_large_image\" \/>\n<script type=\"application\/ld+json\" class=\"yoast-schema-graph\">{\"@context\":\"https:\/\/schema.org\",\"@graph\":[{\"@type\":\"WebPage\",\"@id\":\"https:\/\/www.carrement-bon.be\/suarlee\/produit\/gd-vivaldi\/\",\"url\":\"https:\/\/www.carrement-bon.be\/suarlee\/produit\/gd-vivaldi\/\",\"name\":\"VIVALDI - Carr\u00e9ment BON - Boutique de Suarl\u00e9e\",\"isPartOf\":{\"@id\":\"https:\/\/www.carrement-bon.be\/suarlee\/#website\"},\"primaryImageOfPage\":{\"@id\":\"https:\/\/www.carrement-bon.be\/suarlee\/produit\/gd-vivaldi\/#primaryimage\"},\"image\":{\"@id\":\"https:\/\/www.carrement-bon.be\/suarlee\/produit\/gd-vivaldi\/#primaryimage\"},\"thumbnailUrl\":\"https:\/\/www.carrement-bon.be\/suarlee\/wp-content\/uploads\/sites\/4\/2023\/03\/00000022-vivaldi.jpg\",\"datePublished\":\"2024-05-07T09:35:34+00:00\",\"dateModified\":\"2025-09-11T06:20:46+00:00\",\"breadcrumb\":{\"@id\":\"https:\/\/www.carrement-bon.be\/suarlee\/produit\/gd-vivaldi\/#breadcrumb\"},\"inLanguage\":\"fr-FR\",\"potentialAction\":[{\"@type\":\"ReadAction\",\"target\":[\"https:\/\/www.carrement-bon.be\/suarlee\/produit\/gd-vivaldi\/\"]}]},{\"@type\":\"ImageObject\",\"inLanguage\":\"fr-FR\",\"@id\":\"https:\/\/www.carrement-bon.be\/suarlee\/produit\/gd-vivaldi\/#primaryimage\",\"url\":\"https:\/\/www.carrement-bon.be\/suarlee\/wp-content\/uploads\/sites\/4\/2023\/03\/00000022-vivaldi.jpg\",\"contentUrl\":\"https:\/\/www.carrement-bon.be\/suarlee\/wp-content\/uploads\/sites\/4\/2023\/03\/00000022-vivaldi.jpg\",\"width\":720,\"height\":480},{\"@type\":\"BreadcrumbList\",\"@id\":\"https:\/\/www.carrement-bon.be\/suarlee\/produit\/gd-vivaldi\/#breadcrumb\",\"itemListElement\":[{\"@type\":\"ListItem\",\"position\":1,\"name\":\"ACCUEIL\",\"item\":\"https:\/\/www.carrement-bon.be\/suarlee\/\"},{\"@type\":\"ListItem\",\"position\":2,\"name\":\"COMPTOIR DU PAIN\",\"item\":\"https:\/\/www.carrement-bon.be\/suarlee\/categorie-produit\/comptoir-du-pain\/\"},{\"@type\":\"ListItem\",\"position\":3,\"name\":\"VIVALDI\"}]},{\"@type\":\"WebSite\",\"@id\":\"https:\/\/www.carrement-bon.be\/suarlee\/#website\",\"url\":\"https:\/\/www.carrement-bon.be\/suarlee\/\",\"name\":\"Carr\u00e9ment BON - Boutique de Bouge\",\"description\":\"Du rond, du bon, du carr\u00e9ment BON\",\"publisher\":{\"@id\":\"https:\/\/www.carrement-bon.be\/suarlee\/#organization\"},\"potentialAction\":[{\"@type\":\"SearchAction\",\"target\":{\"@type\":\"EntryPoint\",\"urlTemplate\":\"https:\/\/www.carrement-bon.be\/suarlee\/?s={search_term_string}\"},\"query-input\":{\"@type\":\"PropertyValueSpecification\",\"valueRequired\":true,\"valueName\":\"search_term_string\"}}],\"inLanguage\":\"fr-FR\"},{\"@type\":\"Organization\",\"@id\":\"https:\/\/www.carrement-bon.be\/suarlee\/#organization\",\"name\":\"Carr\u00e9ment BON - Boutique de Bouge\",\"url\":\"https:\/\/www.carrement-bon.be\/suarlee\/\",\"logo\":{\"@type\":\"ImageObject\",\"inLanguage\":\"fr-FR\",\"@id\":\"https:\/\/www.carrement-bon.be\/suarlee\/#\/schema\/logo\/image\/\",\"url\":\"https:\/\/www.carrement-bon.be\/suarlee\/wp-content\/uploads\/sites\/4\/2025\/07\/cropped-carrementbonlogomenumobile.jpg\",\"contentUrl\":\"https:\/\/www.carrement-bon.be\/suarlee\/wp-content\/uploads\/sites\/4\/2025\/07\/cropped-carrementbonlogomenumobile.jpg\",\"width\":150,\"height\":150,\"caption\":\"Carr\u00e9ment BON - Boutique de Bouge\"},\"image\":{\"@id\":\"https:\/\/www.carrement-bon.be\/suarlee\/#\/schema\/logo\/image\/\"}}]}<\/script>\n<!-- \/ Yoast SEO plugin. -->","yoast_head_json":{"title":"VIVALDI - Carr\u00e9ment BON - Boutique de Suarl\u00e9e","robots":{"index":"index","follow":"follow","max-snippet":"max-snippet:-1","max-image-preview":"max-image-preview:large","max-video-preview":"max-video-preview:-1"},"canonical":"https:\/\/www.carrement-bon.be\/suarlee\/produit\/gd-vivaldi\/","og_locale":"fr_FR","og_type":"article","og_title":"VIVALDI - Carr\u00e9ment BON - Boutique de Suarl\u00e9e","og_description":"Pain gris multi-c\u00e9r\u00e9ales au levain naturel nourri quotidiennement. Il profite de longues heures de lente fermentation et est compos\u00e9 essentiellement [&hellip;]","og_url":"https:\/\/www.carrement-bon.be\/suarlee\/produit\/gd-vivaldi\/","og_site_name":"Carr\u00e9ment BON - Boutique de Suarl\u00e9e","article_modified_time":"2025-09-11T06:20:46+00:00","og_image":[{"width":720,"height":480,"url":"https:\/\/www.carrement-bon.be\/suarlee\/wp-content\/uploads\/sites\/4\/2023\/03\/00000022-vivaldi.jpg","type":"image\/jpeg"}],"twitter_card":"summary_large_image","schema":{"@context":"https:\/\/schema.org","@graph":[{"@type":"WebPage","@id":"https:\/\/www.carrement-bon.be\/suarlee\/produit\/gd-vivaldi\/","url":"https:\/\/www.carrement-bon.be\/suarlee\/produit\/gd-vivaldi\/","name":"VIVALDI - Carr\u00e9ment BON - Boutique de Suarl\u00e9e","isPartOf":{"@id":"https:\/\/www.carrement-bon.be\/suarlee\/#website"},"primaryImageOfPage":{"@id":"https:\/\/www.carrement-bon.be\/suarlee\/produit\/gd-vivaldi\/#primaryimage"},"image":{"@id":"https:\/\/www.carrement-bon.be\/suarlee\/produit\/gd-vivaldi\/#primaryimage"},"thumbnailUrl":"https:\/\/www.carrement-bon.be\/suarlee\/wp-content\/uploads\/sites\/4\/2023\/03\/00000022-vivaldi.jpg","datePublished":"2024-05-07T09:35:34+00:00","dateModified":"2025-09-11T06:20:46+00:00","breadcrumb":{"@id":"https:\/\/www.carrement-bon.be\/suarlee\/produit\/gd-vivaldi\/#breadcrumb"},"inLanguage":"fr-FR","potentialAction":[{"@type":"ReadAction","target":["https:\/\/www.carrement-bon.be\/suarlee\/produit\/gd-vivaldi\/"]}]},{"@type":"ImageObject","inLanguage":"fr-FR","@id":"https:\/\/www.carrement-bon.be\/suarlee\/produit\/gd-vivaldi\/#primaryimage","url":"https:\/\/www.carrement-bon.be\/suarlee\/wp-content\/uploads\/sites\/4\/2023\/03\/00000022-vivaldi.jpg","contentUrl":"https:\/\/www.carrement-bon.be\/suarlee\/wp-content\/uploads\/sites\/4\/2023\/03\/00000022-vivaldi.jpg","width":720,"height":480},{"@type":"BreadcrumbList","@id":"https:\/\/www.carrement-bon.be\/suarlee\/produit\/gd-vivaldi\/#breadcrumb","itemListElement":[{"@type":"ListItem","position":1,"name":"ACCUEIL","item":"https:\/\/www.carrement-bon.be\/suarlee\/"},{"@type":"ListItem","position":2,"name":"COMPTOIR DU PAIN","item":"https:\/\/www.carrement-bon.be\/suarlee\/categorie-produit\/comptoir-du-pain\/"},{"@type":"ListItem","position":3,"name":"VIVALDI"}]},{"@type":"WebSite","@id":"https:\/\/www.carrement-bon.be\/suarlee\/#website","url":"https:\/\/www.carrement-bon.be\/suarlee\/","name":"Carr\u00e9ment BON - Boutique de Bouge","description":"Du rond, du bon, du carr\u00e9ment BON","publisher":{"@id":"https:\/\/www.carrement-bon.be\/suarlee\/#organization"},"potentialAction":[{"@type":"SearchAction","target":{"@type":"EntryPoint","urlTemplate":"https:\/\/www.carrement-bon.be\/suarlee\/?s={search_term_string}"},"query-input":{"@type":"PropertyValueSpecification","valueRequired":true,"valueName":"search_term_string"}}],"inLanguage":"fr-FR"},{"@type":"Organization","@id":"https:\/\/www.carrement-bon.be\/suarlee\/#organization","name":"Carr\u00e9ment BON - Boutique de Bouge","url":"https:\/\/www.carrement-bon.be\/suarlee\/","logo":{"@type":"ImageObject","inLanguage":"fr-FR","@id":"https:\/\/www.carrement-bon.be\/suarlee\/#\/schema\/logo\/image\/","url":"https:\/\/www.carrement-bon.be\/suarlee\/wp-content\/uploads\/sites\/4\/2025\/07\/cropped-carrementbonlogomenumobile.jpg","contentUrl":"https:\/\/www.carrement-bon.be\/suarlee\/wp-content\/uploads\/sites\/4\/2025\/07\/cropped-carrementbonlogomenumobile.jpg","width":150,"height":150,"caption":"Carr\u00e9ment BON - Boutique de Bouge"},"image":{"@id":"https:\/\/www.carrement-bon.be\/suarlee\/#\/schema\/logo\/image\/"}}]}},"_links":{"self":[{"href":"https:\/\/www.carrement-bon.be\/suarlee\/wp-json\/wp\/v2\/product\/347","targetHints":{"allow":["GET"]}}],"collection":[{"href":"https:\/\/www.carrement-bon.be\/suarlee\/wp-json\/wp\/v2\/product"}],"about":[{"href":"https:\/\/www.carrement-bon.be\/suarlee\/wp-json\/wp\/v2\/types\/product"}],"wp:featuredmedia":[{"embeddable":true,"href":"https:\/\/www.carrement-bon.be\/suarlee\/wp-json\/wp\/v2\/media\/49"}],"wp:attachment":[{"href":"https:\/\/www.carrement-bon.be\/suarlee\/wp-json\/wp\/v2\/media?parent=347"}],"wp:term":[{"taxonomy":"product_brand","embeddable":true,"href":"https:\/\/www.carrement-bon.be\/suarlee\/wp-json\/wp\/v2\/product_brand?post=347"},{"taxonomy":"product_cat","embeddable":true,"href":"https:\/\/www.carrement-bon.be\/suarlee\/wp-json\/wp\/v2\/product_cat?post=347"},{"taxonomy":"product_tag","embeddable":true,"href":"https:\/\/www.carrement-bon.be\/suarlee\/wp-json\/wp\/v2\/product_tag?post=347"}],"curies":[{"name":"wp","href":"https:\/\/api.w.org\/{rel}","templated":true}]}}