{"id":979,"date":"2025-02-12T14:10:15","date_gmt":"2025-02-12T13:10:15","guid":{"rendered":"https:\/\/www.carrement-bon.be\/bouge\/?post_type=product&#038;p=979"},"modified":"2025-02-12T14:10:21","modified_gmt":"2025-02-12T13:10:21","slug":"couque-beurre","status":"publish","type":"product","link":"https:\/\/www.carrement-bon.be\/bouge\/produit\/couque-beurre\/","title":{"rendered":"COUQUE BEURRE"},"content":{"rendered":"<p>Viennoiserie 100 % maison \u00e0 base de p\u00e2te feuillet\u00e9e pur beurre l\u00e9g\u00e8rement sucr\u00e9e<\/p>\n","protected":false},"excerpt":{"rendered":"<p>Viennoiserie 100 % maison \u00e0 base de p\u00e2te feuillet\u00e9e pur beurre l\u00e9g\u00e8rement sucr\u00e9e<\/p>\n","protected":false},"featured_media":1006,"template":"","meta":{"_acf_changed":false,"site-sidebar-layout":"default","site-content-layout":"","ast-site-content-layout":"default","site-content-style":"default","site-sidebar-style":"default","ast-global-header-display":"","ast-banner-title-visibility":"","ast-main-header-display":"","ast-hfb-above-header-display":"","ast-hfb-below-header-display":"","ast-hfb-mobile-header-display":"","site-post-title":"","ast-breadcrumbs-content":"","ast-featured-img":"","footer-sml-layout":"","theme-transparent-header-meta":"","adv-header-id-meta":"","stick-header-meta":"","header-above-stick-meta":"","header-main-stick-meta":"","header-below-stick-meta":"","astra-migrate-meta-layouts":"default","ast-page-background-enabled":"default","ast-page-background-meta":{"desktop":{"background-color":"var(--ast-global-color-5)","background-image":"","background-repeat":"repeat","background-position":"center center","background-size":"auto","background-attachment":"scroll","background-type":"","background-media":"","overlay-type":"","overlay-color":"","overlay-opacity":"","overlay-gradient":""},"tablet":{"background-color":"","background-image":"","background-repeat":"repeat","background-position":"center center","background-size":"auto","background-attachment":"scroll","background-type":"","background-media":"","overlay-type":"","overlay-color":"","overlay-opacity":"","overlay-gradient":""},"mobile":{"background-color":"","background-image":"","background-repeat":"repeat","background-position":"center center","background-size":"auto","background-attachment":"scroll","background-type":"","background-media":"","overlay-type":"","overlay-color":"","overlay-opacity":"","overlay-gradient":""}},"ast-content-background-meta":{"desktop":{"background-color":"var(--ast-global-color-4)","background-image":"","background-repeat":"repeat","background-position":"center center","background-size":"auto","background-attachment":"scroll","background-type":"","background-media":"","overlay-type":"","overlay-color":"","overlay-opacity":"","overlay-gradient":""},"tablet":{"background-color":"var(--ast-global-color-4)","background-image":"","background-repeat":"repeat","background-position":"center center","background-size":"auto","background-attachment":"scroll","background-type":"","background-media":"","overlay-type":"","overlay-color":"","overlay-opacity":"","overlay-gradient":""},"mobile":{"background-color":"var(--ast-global-color-4)","background-image":"","background-repeat":"repeat","background-position":"center center","background-size":"auto","background-attachment":"scroll","background-type":"","background-media":"","overlay-type":"","overlay-color":"","overlay-opacity":"","overlay-gradient":""}}},"product_brand":[],"product_cat":[54],"product_tag":[19,34],"class_list":{"0":"post-979","1":"product","2":"type-product","3":"status-publish","4":"has-post-thumbnail","6":"product_cat-viennoiserie","7":"product_tag-gluten","8":"product_tag-lactose-2","9":"desktop-align-left","10":"tablet-align-left","11":"mobile-align-left","13":"first","14":"instock","15":"shipping-taxable","16":"purchasable","17":"product-type-simple"},"acf":[],"yoast_head":"<!-- This site is optimized with the Yoast SEO plugin v25.8 - https:\/\/yoast.com\/wordpress\/plugins\/seo\/ -->\n<title>COUQUE BEURRE - Carr\u00e9ment BON - Boutique de Bouge<\/title>\n<meta name=\"robots\" content=\"index, follow, max-snippet:-1, max-image-preview:large, max-video-preview:-1\" \/>\n<link rel=\"canonical\" href=\"https:\/\/www.carrement-bon.be\/bouge\/produit\/couque-beurre\/\" \/>\n<meta property=\"og:locale\" content=\"fr_FR\" \/>\n<meta property=\"og:type\" content=\"article\" \/>\n<meta property=\"og:title\" content=\"COUQUE BEURRE - Carr\u00e9ment BON - Boutique de Bouge\" \/>\n<meta property=\"og:description\" content=\"Viennoiserie 100 % maison \u00e0 base de p\u00e2te feuillet\u00e9e pur beurre l\u00e9g\u00e8rement sucr\u00e9e\" \/>\n<meta property=\"og:url\" content=\"https:\/\/www.carrement-bon.be\/bouge\/produit\/couque-beurre\/\" \/>\n<meta property=\"og:site_name\" content=\"Carr\u00e9ment BON - Boutique de Bouge\" \/>\n<meta property=\"article:modified_time\" content=\"2025-02-12T13:10:21+00:00\" \/>\n<meta name=\"twitter:card\" content=\"summary_large_image\" \/>\n<script type=\"application\/ld+json\" class=\"yoast-schema-graph\">{\"@context\":\"https:\/\/schema.org\",\"@graph\":[{\"@type\":\"WebPage\",\"@id\":\"https:\/\/www.carrement-bon.be\/bouge\/produit\/couque-beurre\/\",\"url\":\"https:\/\/www.carrement-bon.be\/bouge\/produit\/couque-beurre\/\",\"name\":\"COUQUE BEURRE - Carr\u00e9ment BON - Boutique de Bouge\",\"isPartOf\":{\"@id\":\"https:\/\/www.carrement-bon.be\/bouge\/#website\"},\"primaryImageOfPage\":{\"@id\":\"https:\/\/www.carrement-bon.be\/bouge\/produit\/couque-beurre\/#primaryimage\"},\"image\":{\"@id\":\"https:\/\/www.carrement-bon.be\/bouge\/produit\/couque-beurre\/#primaryimage\"},\"thumbnailUrl\":\"https:\/\/www.carrement-bon.be\/bouge\/wp-content\/uploads\/sites\/5\/2025\/02\/00300021-CouqueBeurre-rotated-1-e1720622596865.jpg\",\"datePublished\":\"2025-02-12T13:10:15+00:00\",\"dateModified\":\"2025-02-12T13:10:21+00:00\",\"breadcrumb\":{\"@id\":\"https:\/\/www.carrement-bon.be\/bouge\/produit\/couque-beurre\/#breadcrumb\"},\"inLanguage\":\"fr-FR\",\"potentialAction\":[{\"@type\":\"ReadAction\",\"target\":[\"https:\/\/www.carrement-bon.be\/bouge\/produit\/couque-beurre\/\"]}]},{\"@type\":\"ImageObject\",\"inLanguage\":\"fr-FR\",\"@id\":\"https:\/\/www.carrement-bon.be\/bouge\/produit\/couque-beurre\/#primaryimage\",\"url\":\"https:\/\/www.carrement-bon.be\/bouge\/wp-content\/uploads\/sites\/5\/2025\/02\/00300021-CouqueBeurre-rotated-1-e1720622596865.jpg\",\"contentUrl\":\"https:\/\/www.carrement-bon.be\/bouge\/wp-content\/uploads\/sites\/5\/2025\/02\/00300021-CouqueBeurre-rotated-1-e1720622596865.jpg\",\"width\":480,\"height\":420},{\"@type\":\"BreadcrumbList\",\"@id\":\"https:\/\/www.carrement-bon.be\/bouge\/produit\/couque-beurre\/#breadcrumb\",\"itemListElement\":[{\"@type\":\"ListItem\",\"position\":1,\"name\":\"Accueil\",\"item\":\"https:\/\/www.carrement-bon.be\/bouge\/\"},{\"@type\":\"ListItem\",\"position\":2,\"name\":\"VIENNOISERIE\",\"item\":\"https:\/\/www.carrement-bon.be\/bouge\/categorie-produit\/viennoiserie\/\"},{\"@type\":\"ListItem\",\"position\":3,\"name\":\"COUQUE BEURRE\"}]},{\"@type\":\"WebSite\",\"@id\":\"https:\/\/www.carrement-bon.be\/bouge\/#website\",\"url\":\"https:\/\/www.carrement-bon.be\/bouge\/\",\"name\":\"Carr\u00e9ment BON - Boutique de Bouge\",\"description\":\"\",\"publisher\":{\"@id\":\"https:\/\/www.carrement-bon.be\/bouge\/#organization\"},\"potentialAction\":[{\"@type\":\"SearchAction\",\"target\":{\"@type\":\"EntryPoint\",\"urlTemplate\":\"https:\/\/www.carrement-bon.be\/bouge\/?s={search_term_string}\"},\"query-input\":{\"@type\":\"PropertyValueSpecification\",\"valueRequired\":true,\"valueName\":\"search_term_string\"}}],\"inLanguage\":\"fr-FR\"},{\"@type\":\"Organization\",\"@id\":\"https:\/\/www.carrement-bon.be\/bouge\/#organization\",\"name\":\"Carr\u00e9ment BON - Boutique de Bouge\",\"url\":\"https:\/\/www.carrement-bon.be\/bouge\/\",\"logo\":{\"@type\":\"ImageObject\",\"inLanguage\":\"fr-FR\",\"@id\":\"https:\/\/www.carrement-bon.be\/bouge\/#\/schema\/logo\/image\/\",\"url\":\"https:\/\/www.carrement-bon.be\/bouge\/wp-content\/uploads\/sites\/5\/2025\/12\/cropped-cropped-Logo_15x15_2PMS-copie.jpg\",\"contentUrl\":\"https:\/\/www.carrement-bon.be\/bouge\/wp-content\/uploads\/sites\/5\/2025\/12\/cropped-cropped-Logo_15x15_2PMS-copie.jpg\",\"width\":512,\"height\":512,\"caption\":\"Carr\u00e9ment BON - Boutique de Bouge\"},\"image\":{\"@id\":\"https:\/\/www.carrement-bon.be\/bouge\/#\/schema\/logo\/image\/\"}}]}<\/script>\n<!-- \/ Yoast SEO plugin. -->","yoast_head_json":{"title":"COUQUE BEURRE - Carr\u00e9ment BON - Boutique de Bouge","robots":{"index":"index","follow":"follow","max-snippet":"max-snippet:-1","max-image-preview":"max-image-preview:large","max-video-preview":"max-video-preview:-1"},"canonical":"https:\/\/www.carrement-bon.be\/bouge\/produit\/couque-beurre\/","og_locale":"fr_FR","og_type":"article","og_title":"COUQUE BEURRE - Carr\u00e9ment BON - Boutique de Bouge","og_description":"Viennoiserie 100 % maison \u00e0 base de p\u00e2te feuillet\u00e9e pur beurre l\u00e9g\u00e8rement sucr\u00e9e","og_url":"https:\/\/www.carrement-bon.be\/bouge\/produit\/couque-beurre\/","og_site_name":"Carr\u00e9ment BON - Boutique de Bouge","article_modified_time":"2025-02-12T13:10:21+00:00","twitter_card":"summary_large_image","schema":{"@context":"https:\/\/schema.org","@graph":[{"@type":"WebPage","@id":"https:\/\/www.carrement-bon.be\/bouge\/produit\/couque-beurre\/","url":"https:\/\/www.carrement-bon.be\/bouge\/produit\/couque-beurre\/","name":"COUQUE BEURRE - Carr\u00e9ment BON - Boutique de Bouge","isPartOf":{"@id":"https:\/\/www.carrement-bon.be\/bouge\/#website"},"primaryImageOfPage":{"@id":"https:\/\/www.carrement-bon.be\/bouge\/produit\/couque-beurre\/#primaryimage"},"image":{"@id":"https:\/\/www.carrement-bon.be\/bouge\/produit\/couque-beurre\/#primaryimage"},"thumbnailUrl":"https:\/\/www.carrement-bon.be\/bouge\/wp-content\/uploads\/sites\/5\/2025\/02\/00300021-CouqueBeurre-rotated-1-e1720622596865.jpg","datePublished":"2025-02-12T13:10:15+00:00","dateModified":"2025-02-12T13:10:21+00:00","breadcrumb":{"@id":"https:\/\/www.carrement-bon.be\/bouge\/produit\/couque-beurre\/#breadcrumb"},"inLanguage":"fr-FR","potentialAction":[{"@type":"ReadAction","target":["https:\/\/www.carrement-bon.be\/bouge\/produit\/couque-beurre\/"]}]},{"@type":"ImageObject","inLanguage":"fr-FR","@id":"https:\/\/www.carrement-bon.be\/bouge\/produit\/couque-beurre\/#primaryimage","url":"https:\/\/www.carrement-bon.be\/bouge\/wp-content\/uploads\/sites\/5\/2025\/02\/00300021-CouqueBeurre-rotated-1-e1720622596865.jpg","contentUrl":"https:\/\/www.carrement-bon.be\/bouge\/wp-content\/uploads\/sites\/5\/2025\/02\/00300021-CouqueBeurre-rotated-1-e1720622596865.jpg","width":480,"height":420},{"@type":"BreadcrumbList","@id":"https:\/\/www.carrement-bon.be\/bouge\/produit\/couque-beurre\/#breadcrumb","itemListElement":[{"@type":"ListItem","position":1,"name":"Accueil","item":"https:\/\/www.carrement-bon.be\/bouge\/"},{"@type":"ListItem","position":2,"name":"VIENNOISERIE","item":"https:\/\/www.carrement-bon.be\/bouge\/categorie-produit\/viennoiserie\/"},{"@type":"ListItem","position":3,"name":"COUQUE BEURRE"}]},{"@type":"WebSite","@id":"https:\/\/www.carrement-bon.be\/bouge\/#website","url":"https:\/\/www.carrement-bon.be\/bouge\/","name":"Carr\u00e9ment BON - Boutique de Bouge","description":"","publisher":{"@id":"https:\/\/www.carrement-bon.be\/bouge\/#organization"},"potentialAction":[{"@type":"SearchAction","target":{"@type":"EntryPoint","urlTemplate":"https:\/\/www.carrement-bon.be\/bouge\/?s={search_term_string}"},"query-input":{"@type":"PropertyValueSpecification","valueRequired":true,"valueName":"search_term_string"}}],"inLanguage":"fr-FR"},{"@type":"Organization","@id":"https:\/\/www.carrement-bon.be\/bouge\/#organization","name":"Carr\u00e9ment BON - Boutique de Bouge","url":"https:\/\/www.carrement-bon.be\/bouge\/","logo":{"@type":"ImageObject","inLanguage":"fr-FR","@id":"https:\/\/www.carrement-bon.be\/bouge\/#\/schema\/logo\/image\/","url":"https:\/\/www.carrement-bon.be\/bouge\/wp-content\/uploads\/sites\/5\/2025\/12\/cropped-cropped-Logo_15x15_2PMS-copie.jpg","contentUrl":"https:\/\/www.carrement-bon.be\/bouge\/wp-content\/uploads\/sites\/5\/2025\/12\/cropped-cropped-Logo_15x15_2PMS-copie.jpg","width":512,"height":512,"caption":"Carr\u00e9ment BON - Boutique de Bouge"},"image":{"@id":"https:\/\/www.carrement-bon.be\/bouge\/#\/schema\/logo\/image\/"}}]}},"_links":{"self":[{"href":"https:\/\/www.carrement-bon.be\/bouge\/wp-json\/wp\/v2\/product\/979","targetHints":{"allow":["GET"]}}],"collection":[{"href":"https:\/\/www.carrement-bon.be\/bouge\/wp-json\/wp\/v2\/product"}],"about":[{"href":"https:\/\/www.carrement-bon.be\/bouge\/wp-json\/wp\/v2\/types\/product"}],"wp:featuredmedia":[{"embeddable":true,"href":"https:\/\/www.carrement-bon.be\/bouge\/wp-json\/wp\/v2\/media\/1006"}],"wp:attachment":[{"href":"https:\/\/www.carrement-bon.be\/bouge\/wp-json\/wp\/v2\/media?parent=979"}],"wp:term":[{"taxonomy":"product_brand","embeddable":true,"href":"https:\/\/www.carrement-bon.be\/bouge\/wp-json\/wp\/v2\/product_brand?post=979"},{"taxonomy":"product_cat","embeddable":true,"href":"https:\/\/www.carrement-bon.be\/bouge\/wp-json\/wp\/v2\/product_cat?post=979"},{"taxonomy":"product_tag","embeddable":true,"href":"https:\/\/www.carrement-bon.be\/bouge\/wp-json\/wp\/v2\/product_tag?post=979"}],"curies":[{"name":"wp","href":"https:\/\/api.w.org\/{rel}","templated":true}]}}