{"id":936,"date":"2025-02-12T14:09:56","date_gmt":"2025-02-12T13:09:56","guid":{"rendered":"https:\/\/www.carrement-bon.be\/bouge\/?post_type=product&#038;p=936"},"modified":"2025-02-24T18:26:02","modified_gmt":"2025-02-24T17:26:02","slug":"baguette-rustique","status":"publish","type":"product","link":"https:\/\/www.carrement-bon.be\/bouge\/produit\/baguette-rustique\/","title":{"rendered":"BAGUETTE RUSTIQUE"},"content":{"rendered":"","protected":false},"excerpt":{"rendered":"<p>Baguette plus large r\u00e9alis\u00e9e au d\u00e9part d&rsquo;une p\u00e2te au levain \u00e0 fermentation lente et cuite sur pierre. De forme singuli\u00e8re, plus courte et plus large que les baguettes traditionnelles, elle se distingue par une mie plus abondante et par sa consistance.<\/p>\n","protected":false},"featured_media":1275,"template":"","meta":{"_acf_changed":false,"site-sidebar-layout":"default","site-content-layout":"","ast-site-content-layout":"default","site-content-style":"default","site-sidebar-style":"default","ast-global-header-display":"","ast-banner-title-visibility":"","ast-main-header-display":"","ast-hfb-above-header-display":"","ast-hfb-below-header-display":"","ast-hfb-mobile-header-display":"","site-post-title":"","ast-breadcrumbs-content":"","ast-featured-img":"","footer-sml-layout":"","theme-transparent-header-meta":"","adv-header-id-meta":"","stick-header-meta":"","header-above-stick-meta":"","header-main-stick-meta":"","header-below-stick-meta":"","astra-migrate-meta-layouts":"default","ast-page-background-enabled":"default","ast-page-background-meta":{"desktop":{"background-color":"var(--ast-global-color-5)","background-image":"","background-repeat":"repeat","background-position":"center center","background-size":"auto","background-attachment":"scroll","background-type":"","background-media":"","overlay-type":"","overlay-color":"","overlay-opacity":"","overlay-gradient":""},"tablet":{"background-color":"","background-image":"","background-repeat":"repeat","background-position":"center center","background-size":"auto","background-attachment":"scroll","background-type":"","background-media":"","overlay-type":"","overlay-color":"","overlay-opacity":"","overlay-gradient":""},"mobile":{"background-color":"","background-image":"","background-repeat":"repeat","background-position":"center center","background-size":"auto","background-attachment":"scroll","background-type":"","background-media":"","overlay-type":"","overlay-color":"","overlay-opacity":"","overlay-gradient":""}},"ast-content-background-meta":{"desktop":{"background-color":"var(--ast-global-color-4)","background-image":"","background-repeat":"repeat","background-position":"center center","background-size":"auto","background-attachment":"scroll","background-type":"","background-media":"","overlay-type":"","overlay-color":"","overlay-opacity":"","overlay-gradient":""},"tablet":{"background-color":"var(--ast-global-color-4)","background-image":"","background-repeat":"repeat","background-position":"center center","background-size":"auto","background-attachment":"scroll","background-type":"","background-media":"","overlay-type":"","overlay-color":"","overlay-opacity":"","overlay-gradient":""},"mobile":{"background-color":"var(--ast-global-color-4)","background-image":"","background-repeat":"repeat","background-position":"center center","background-size":"auto","background-attachment":"scroll","background-type":"","background-media":"","overlay-type":"","overlay-color":"","overlay-opacity":"","overlay-gradient":""}}},"product_brand":[],"product_cat":[53],"product_tag":[19],"class_list":{"0":"post-936","1":"product","2":"type-product","3":"status-publish","4":"has-post-thumbnail","6":"product_cat-baguettes-co","7":"product_tag-gluten","8":"desktop-align-left","9":"tablet-align-left","10":"mobile-align-left","12":"first","13":"instock","14":"shipping-taxable","15":"purchasable","16":"product-type-simple"},"acf":[],"yoast_head":"<!-- This site is optimized with the Yoast SEO plugin v25.8 - https:\/\/yoast.com\/wordpress\/plugins\/seo\/ -->\n<title>BAGUETTE RUSTIQUE - Carr\u00e9ment BON - Boutique de Bouge<\/title>\n<meta name=\"robots\" content=\"index, follow, max-snippet:-1, max-image-preview:large, max-video-preview:-1\" \/>\n<link rel=\"canonical\" href=\"https:\/\/www.carrement-bon.be\/bouge\/produit\/baguette-rustique\/\" \/>\n<meta property=\"og:locale\" content=\"fr_FR\" \/>\n<meta property=\"og:type\" content=\"article\" \/>\n<meta property=\"og:title\" content=\"BAGUETTE RUSTIQUE - Carr\u00e9ment BON - Boutique de Bouge\" \/>\n<meta property=\"og:description\" content=\"Baguette plus large r\u00e9alis\u00e9e au d\u00e9part d&#039;une p\u00e2te au levain \u00e0 fermentation lente et cuite sur pierre. De forme singuli\u00e8re, plus courte et plus large que les baguettes traditionnelles, elle se distingue par une mie plus abondante et par sa consistance.\" \/>\n<meta property=\"og:url\" content=\"https:\/\/www.carrement-bon.be\/bouge\/produit\/baguette-rustique\/\" \/>\n<meta property=\"og:site_name\" content=\"Carr\u00e9ment BON - Boutique de Bouge\" \/>\n<meta property=\"article:modified_time\" content=\"2025-02-24T17:26:02+00:00\" \/>\n<meta property=\"og:image\" content=\"https:\/\/www.carrement-bon.be\/bouge\/wp-content\/uploads\/sites\/5\/2025\/02\/Baguette-Rustique-e1740391497453.png\" \/>\n\t<meta property=\"og:image:width\" content=\"796\" \/>\n\t<meta property=\"og:image:height\" content=\"830\" \/>\n\t<meta property=\"og:image:type\" content=\"image\/png\" \/>\n<meta name=\"twitter:card\" content=\"summary_large_image\" \/>\n<meta name=\"twitter:label1\" content=\"Dur\u00e9e de lecture estim\u00e9e\" \/>\n\t<meta name=\"twitter:data1\" content=\"1 minute\" \/>\n<script type=\"application\/ld+json\" class=\"yoast-schema-graph\">{\"@context\":\"https:\/\/schema.org\",\"@graph\":[{\"@type\":\"WebPage\",\"@id\":\"https:\/\/www.carrement-bon.be\/bouge\/produit\/baguette-rustique\/\",\"url\":\"https:\/\/www.carrement-bon.be\/bouge\/produit\/baguette-rustique\/\",\"name\":\"BAGUETTE RUSTIQUE - Carr\u00e9ment BON - Boutique de Bouge\",\"isPartOf\":{\"@id\":\"https:\/\/www.carrement-bon.be\/bouge\/#website\"},\"primaryImageOfPage\":{\"@id\":\"https:\/\/www.carrement-bon.be\/bouge\/produit\/baguette-rustique\/#primaryimage\"},\"image\":{\"@id\":\"https:\/\/www.carrement-bon.be\/bouge\/produit\/baguette-rustique\/#primaryimage\"},\"thumbnailUrl\":\"https:\/\/www.carrement-bon.be\/bouge\/wp-content\/uploads\/sites\/5\/2025\/02\/Baguette-Rustique-e1740391497453.png\",\"datePublished\":\"2025-02-12T13:09:56+00:00\",\"dateModified\":\"2025-02-24T17:26:02+00:00\",\"breadcrumb\":{\"@id\":\"https:\/\/www.carrement-bon.be\/bouge\/produit\/baguette-rustique\/#breadcrumb\"},\"inLanguage\":\"fr-FR\",\"potentialAction\":[{\"@type\":\"ReadAction\",\"target\":[\"https:\/\/www.carrement-bon.be\/bouge\/produit\/baguette-rustique\/\"]}]},{\"@type\":\"ImageObject\",\"inLanguage\":\"fr-FR\",\"@id\":\"https:\/\/www.carrement-bon.be\/bouge\/produit\/baguette-rustique\/#primaryimage\",\"url\":\"https:\/\/www.carrement-bon.be\/bouge\/wp-content\/uploads\/sites\/5\/2025\/02\/Baguette-Rustique-e1740391497453.png\",\"contentUrl\":\"https:\/\/www.carrement-bon.be\/bouge\/wp-content\/uploads\/sites\/5\/2025\/02\/Baguette-Rustique-e1740391497453.png\",\"width\":796,\"height\":830},{\"@type\":\"BreadcrumbList\",\"@id\":\"https:\/\/www.carrement-bon.be\/bouge\/produit\/baguette-rustique\/#breadcrumb\",\"itemListElement\":[{\"@type\":\"ListItem\",\"position\":1,\"name\":\"Accueil\",\"item\":\"https:\/\/www.carrement-bon.be\/bouge\/\"},{\"@type\":\"ListItem\",\"position\":2,\"name\":\"BAGUETTES &amp; Co.\",\"item\":\"https:\/\/www.carrement-bon.be\/bouge\/categorie-produit\/baguettes-co\/\"},{\"@type\":\"ListItem\",\"position\":3,\"name\":\"BAGUETTE RUSTIQUE\"}]},{\"@type\":\"WebSite\",\"@id\":\"https:\/\/www.carrement-bon.be\/bouge\/#website\",\"url\":\"https:\/\/www.carrement-bon.be\/bouge\/\",\"name\":\"Carr\u00e9ment BON - Boutique de Bouge\",\"description\":\"\",\"publisher\":{\"@id\":\"https:\/\/www.carrement-bon.be\/bouge\/#organization\"},\"potentialAction\":[{\"@type\":\"SearchAction\",\"target\":{\"@type\":\"EntryPoint\",\"urlTemplate\":\"https:\/\/www.carrement-bon.be\/bouge\/?s={search_term_string}\"},\"query-input\":{\"@type\":\"PropertyValueSpecification\",\"valueRequired\":true,\"valueName\":\"search_term_string\"}}],\"inLanguage\":\"fr-FR\"},{\"@type\":\"Organization\",\"@id\":\"https:\/\/www.carrement-bon.be\/bouge\/#organization\",\"name\":\"Carr\u00e9ment BON - Boutique de Bouge\",\"url\":\"https:\/\/www.carrement-bon.be\/bouge\/\",\"logo\":{\"@type\":\"ImageObject\",\"inLanguage\":\"fr-FR\",\"@id\":\"https:\/\/www.carrement-bon.be\/bouge\/#\/schema\/logo\/image\/\",\"url\":\"https:\/\/www.carrement-bon.be\/bouge\/wp-content\/uploads\/sites\/5\/2025\/12\/cropped-cropped-Logo_15x15_2PMS-copie.jpg\",\"contentUrl\":\"https:\/\/www.carrement-bon.be\/bouge\/wp-content\/uploads\/sites\/5\/2025\/12\/cropped-cropped-Logo_15x15_2PMS-copie.jpg\",\"width\":512,\"height\":512,\"caption\":\"Carr\u00e9ment BON - Boutique de Bouge\"},\"image\":{\"@id\":\"https:\/\/www.carrement-bon.be\/bouge\/#\/schema\/logo\/image\/\"}}]}<\/script>\n<!-- \/ Yoast SEO plugin. -->","yoast_head_json":{"title":"BAGUETTE RUSTIQUE - Carr\u00e9ment BON - Boutique de Bouge","robots":{"index":"index","follow":"follow","max-snippet":"max-snippet:-1","max-image-preview":"max-image-preview:large","max-video-preview":"max-video-preview:-1"},"canonical":"https:\/\/www.carrement-bon.be\/bouge\/produit\/baguette-rustique\/","og_locale":"fr_FR","og_type":"article","og_title":"BAGUETTE RUSTIQUE - Carr\u00e9ment BON - Boutique de Bouge","og_description":"Baguette plus large r\u00e9alis\u00e9e au d\u00e9part d'une p\u00e2te au levain \u00e0 fermentation lente et cuite sur pierre. De forme singuli\u00e8re, plus courte et plus large que les baguettes traditionnelles, elle se distingue par une mie plus abondante et par sa consistance.","og_url":"https:\/\/www.carrement-bon.be\/bouge\/produit\/baguette-rustique\/","og_site_name":"Carr\u00e9ment BON - Boutique de Bouge","article_modified_time":"2025-02-24T17:26:02+00:00","og_image":[{"width":796,"height":830,"url":"https:\/\/www.carrement-bon.be\/bouge\/wp-content\/uploads\/sites\/5\/2025\/02\/Baguette-Rustique-e1740391497453.png","type":"image\/png"}],"twitter_card":"summary_large_image","twitter_misc":{"Dur\u00e9e de lecture estim\u00e9e":"1 minute"},"schema":{"@context":"https:\/\/schema.org","@graph":[{"@type":"WebPage","@id":"https:\/\/www.carrement-bon.be\/bouge\/produit\/baguette-rustique\/","url":"https:\/\/www.carrement-bon.be\/bouge\/produit\/baguette-rustique\/","name":"BAGUETTE RUSTIQUE - Carr\u00e9ment BON - Boutique de Bouge","isPartOf":{"@id":"https:\/\/www.carrement-bon.be\/bouge\/#website"},"primaryImageOfPage":{"@id":"https:\/\/www.carrement-bon.be\/bouge\/produit\/baguette-rustique\/#primaryimage"},"image":{"@id":"https:\/\/www.carrement-bon.be\/bouge\/produit\/baguette-rustique\/#primaryimage"},"thumbnailUrl":"https:\/\/www.carrement-bon.be\/bouge\/wp-content\/uploads\/sites\/5\/2025\/02\/Baguette-Rustique-e1740391497453.png","datePublished":"2025-02-12T13:09:56+00:00","dateModified":"2025-02-24T17:26:02+00:00","breadcrumb":{"@id":"https:\/\/www.carrement-bon.be\/bouge\/produit\/baguette-rustique\/#breadcrumb"},"inLanguage":"fr-FR","potentialAction":[{"@type":"ReadAction","target":["https:\/\/www.carrement-bon.be\/bouge\/produit\/baguette-rustique\/"]}]},{"@type":"ImageObject","inLanguage":"fr-FR","@id":"https:\/\/www.carrement-bon.be\/bouge\/produit\/baguette-rustique\/#primaryimage","url":"https:\/\/www.carrement-bon.be\/bouge\/wp-content\/uploads\/sites\/5\/2025\/02\/Baguette-Rustique-e1740391497453.png","contentUrl":"https:\/\/www.carrement-bon.be\/bouge\/wp-content\/uploads\/sites\/5\/2025\/02\/Baguette-Rustique-e1740391497453.png","width":796,"height":830},{"@type":"BreadcrumbList","@id":"https:\/\/www.carrement-bon.be\/bouge\/produit\/baguette-rustique\/#breadcrumb","itemListElement":[{"@type":"ListItem","position":1,"name":"Accueil","item":"https:\/\/www.carrement-bon.be\/bouge\/"},{"@type":"ListItem","position":2,"name":"BAGUETTES &amp; Co.","item":"https:\/\/www.carrement-bon.be\/bouge\/categorie-produit\/baguettes-co\/"},{"@type":"ListItem","position":3,"name":"BAGUETTE RUSTIQUE"}]},{"@type":"WebSite","@id":"https:\/\/www.carrement-bon.be\/bouge\/#website","url":"https:\/\/www.carrement-bon.be\/bouge\/","name":"Carr\u00e9ment BON - Boutique de Bouge","description":"","publisher":{"@id":"https:\/\/www.carrement-bon.be\/bouge\/#organization"},"potentialAction":[{"@type":"SearchAction","target":{"@type":"EntryPoint","urlTemplate":"https:\/\/www.carrement-bon.be\/bouge\/?s={search_term_string}"},"query-input":{"@type":"PropertyValueSpecification","valueRequired":true,"valueName":"search_term_string"}}],"inLanguage":"fr-FR"},{"@type":"Organization","@id":"https:\/\/www.carrement-bon.be\/bouge\/#organization","name":"Carr\u00e9ment BON - Boutique de Bouge","url":"https:\/\/www.carrement-bon.be\/bouge\/","logo":{"@type":"ImageObject","inLanguage":"fr-FR","@id":"https:\/\/www.carrement-bon.be\/bouge\/#\/schema\/logo\/image\/","url":"https:\/\/www.carrement-bon.be\/bouge\/wp-content\/uploads\/sites\/5\/2025\/12\/cropped-cropped-Logo_15x15_2PMS-copie.jpg","contentUrl":"https:\/\/www.carrement-bon.be\/bouge\/wp-content\/uploads\/sites\/5\/2025\/12\/cropped-cropped-Logo_15x15_2PMS-copie.jpg","width":512,"height":512,"caption":"Carr\u00e9ment BON - Boutique de Bouge"},"image":{"@id":"https:\/\/www.carrement-bon.be\/bouge\/#\/schema\/logo\/image\/"}}]}},"_links":{"self":[{"href":"https:\/\/www.carrement-bon.be\/bouge\/wp-json\/wp\/v2\/product\/936","targetHints":{"allow":["GET"]}}],"collection":[{"href":"https:\/\/www.carrement-bon.be\/bouge\/wp-json\/wp\/v2\/product"}],"about":[{"href":"https:\/\/www.carrement-bon.be\/bouge\/wp-json\/wp\/v2\/types\/product"}],"wp:featuredmedia":[{"embeddable":true,"href":"https:\/\/www.carrement-bon.be\/bouge\/wp-json\/wp\/v2\/media\/1275"}],"wp:attachment":[{"href":"https:\/\/www.carrement-bon.be\/bouge\/wp-json\/wp\/v2\/media?parent=936"}],"wp:term":[{"taxonomy":"product_brand","embeddable":true,"href":"https:\/\/www.carrement-bon.be\/bouge\/wp-json\/wp\/v2\/product_brand?post=936"},{"taxonomy":"product_cat","embeddable":true,"href":"https:\/\/www.carrement-bon.be\/bouge\/wp-json\/wp\/v2\/product_cat?post=936"},{"taxonomy":"product_tag","embeddable":true,"href":"https:\/\/www.carrement-bon.be\/bouge\/wp-json\/wp\/v2\/product_tag?post=936"}],"curies":[{"name":"wp","href":"https:\/\/api.w.org\/{rel}","templated":true}]}}