{"id":1181,"date":"2025-02-12T14:11:22","date_gmt":"2025-02-12T13:11:22","guid":{"rendered":"https:\/\/www.carrement-bon.be\/bouge\/?post_type=product&#038;p=1181"},"modified":"2025-02-21T15:05:51","modified_gmt":"2025-02-21T14:05:51","slug":"tarte-cerise-crumble","status":"publish","type":"product","link":"https:\/\/www.carrement-bon.be\/bouge\/produit\/tarte-cerise-crumble\/","title":{"rendered":"TARTE CERISE CRUMBLE"},"content":{"rendered":"<p>Tarte sans cro\u00fbte (fine pate en sous couche) avec cerises et petits cubles de crumble par-dessus (id\u00e9al pour les enfants qui n&rsquo;aiment pas les croutes)<\/p>\n","protected":false},"excerpt":{"rendered":"<p>Tarte sans cro\u00fbte (fine pate en sous couche) avec cerises et petits cubles de crumble par-dessus (id\u00e9al pour les enfants [&hellip;]<\/p>\n","protected":false},"featured_media":1262,"template":"","meta":{"_acf_changed":false,"site-sidebar-layout":"default","site-content-layout":"","ast-site-content-layout":"default","site-content-style":"default","site-sidebar-style":"default","ast-global-header-display":"","ast-banner-title-visibility":"","ast-main-header-display":"","ast-hfb-above-header-display":"","ast-hfb-below-header-display":"","ast-hfb-mobile-header-display":"","site-post-title":"","ast-breadcrumbs-content":"","ast-featured-img":"","footer-sml-layout":"","theme-transparent-header-meta":"","adv-header-id-meta":"","stick-header-meta":"","header-above-stick-meta":"","header-main-stick-meta":"","header-below-stick-meta":"","astra-migrate-meta-layouts":"default","ast-page-background-enabled":"default","ast-page-background-meta":{"desktop":{"background-color":"var(--ast-global-color-5)","background-image":"","background-repeat":"repeat","background-position":"center center","background-size":"auto","background-attachment":"scroll","background-type":"","background-media":"","overlay-type":"","overlay-color":"","overlay-opacity":"","overlay-gradient":""},"tablet":{"background-color":"","background-image":"","background-repeat":"repeat","background-position":"center center","background-size":"auto","background-attachment":"scroll","background-type":"","background-media":"","overlay-type":"","overlay-color":"","overlay-opacity":"","overlay-gradient":""},"mobile":{"background-color":"","background-image":"","background-repeat":"repeat","background-position":"center center","background-size":"auto","background-attachment":"scroll","background-type":"","background-media":"","overlay-type":"","overlay-color":"","overlay-opacity":"","overlay-gradient":""}},"ast-content-background-meta":{"desktop":{"background-color":"var(--ast-global-color-4)","background-image":"","background-repeat":"repeat","background-position":"center center","background-size":"auto","background-attachment":"scroll","background-type":"","background-media":"","overlay-type":"","overlay-color":"","overlay-opacity":"","overlay-gradient":""},"tablet":{"background-color":"var(--ast-global-color-4)","background-image":"","background-repeat":"repeat","background-position":"center center","background-size":"auto","background-attachment":"scroll","background-type":"","background-media":"","overlay-type":"","overlay-color":"","overlay-opacity":"","overlay-gradient":""},"mobile":{"background-color":"var(--ast-global-color-4)","background-image":"","background-repeat":"repeat","background-position":"center center","background-size":"auto","background-attachment":"scroll","background-type":"","background-media":"","overlay-type":"","overlay-color":"","overlay-opacity":"","overlay-gradient":""}}},"product_brand":[],"product_cat":[55],"product_tag":[33,19,34,63],"class_list":{"0":"post-1181","1":"product","2":"type-product","3":"status-publish","4":"has-post-thumbnail","6":"product_cat-tarterie","7":"product_tag-fruits-a-coque","8":"product_tag-gluten","9":"product_tag-lactose-2","10":"product_tag-oeufs","11":"desktop-align-left","12":"tablet-align-left","13":"mobile-align-left","15":"first","16":"instock","17":"shipping-taxable","18":"purchasable","19":"product-type-simple"},"acf":[],"yoast_head":"<!-- This site is optimized with the Yoast SEO plugin v25.8 - https:\/\/yoast.com\/wordpress\/plugins\/seo\/ -->\n<title>TARTE CERISE CRUMBLE - Carr\u00e9ment BON - Boutique de Bouge<\/title>\n<meta name=\"robots\" content=\"index, follow, max-snippet:-1, max-image-preview:large, max-video-preview:-1\" \/>\n<link rel=\"canonical\" href=\"https:\/\/www.carrement-bon.be\/bouge\/produit\/tarte-cerise-crumble\/\" \/>\n<meta property=\"og:locale\" content=\"fr_FR\" \/>\n<meta property=\"og:type\" content=\"article\" \/>\n<meta property=\"og:title\" content=\"TARTE CERISE CRUMBLE - Carr\u00e9ment BON - Boutique de Bouge\" \/>\n<meta property=\"og:description\" content=\"Tarte sans cro\u00fbte (fine pate en sous couche) avec cerises et petits cubles de crumble par-dessus (id\u00e9al pour les enfants [&hellip;]\" \/>\n<meta property=\"og:url\" content=\"https:\/\/www.carrement-bon.be\/bouge\/produit\/tarte-cerise-crumble\/\" \/>\n<meta property=\"og:site_name\" content=\"Carr\u00e9ment BON - Boutique de Bouge\" \/>\n<meta property=\"article:modified_time\" content=\"2025-02-21T14:05:51+00:00\" \/>\n<meta property=\"og:image\" content=\"https:\/\/www.carrement-bon.be\/bouge\/wp-content\/uploads\/sites\/5\/2025\/02\/Cerise-Crumble-e1740146740525.png\" \/>\n\t<meta property=\"og:image:width\" content=\"978\" \/>\n\t<meta property=\"og:image:height\" content=\"985\" \/>\n\t<meta property=\"og:image:type\" content=\"image\/png\" \/>\n<meta name=\"twitter:card\" content=\"summary_large_image\" \/>\n<meta name=\"twitter:label1\" content=\"Dur\u00e9e de lecture estim\u00e9e\" \/>\n\t<meta name=\"twitter:data1\" content=\"1 minute\" \/>\n<script type=\"application\/ld+json\" class=\"yoast-schema-graph\">{\"@context\":\"https:\/\/schema.org\",\"@graph\":[{\"@type\":\"WebPage\",\"@id\":\"https:\/\/www.carrement-bon.be\/bouge\/produit\/tarte-cerise-crumble\/\",\"url\":\"https:\/\/www.carrement-bon.be\/bouge\/produit\/tarte-cerise-crumble\/\",\"name\":\"TARTE CERISE CRUMBLE - Carr\u00e9ment BON - Boutique de Bouge\",\"isPartOf\":{\"@id\":\"https:\/\/www.carrement-bon.be\/bouge\/#website\"},\"primaryImageOfPage\":{\"@id\":\"https:\/\/www.carrement-bon.be\/bouge\/produit\/tarte-cerise-crumble\/#primaryimage\"},\"image\":{\"@id\":\"https:\/\/www.carrement-bon.be\/bouge\/produit\/tarte-cerise-crumble\/#primaryimage\"},\"thumbnailUrl\":\"https:\/\/www.carrement-bon.be\/bouge\/wp-content\/uploads\/sites\/5\/2025\/02\/Cerise-Crumble-e1740146740525.png\",\"datePublished\":\"2025-02-12T13:11:22+00:00\",\"dateModified\":\"2025-02-21T14:05:51+00:00\",\"breadcrumb\":{\"@id\":\"https:\/\/www.carrement-bon.be\/bouge\/produit\/tarte-cerise-crumble\/#breadcrumb\"},\"inLanguage\":\"fr-FR\",\"potentialAction\":[{\"@type\":\"ReadAction\",\"target\":[\"https:\/\/www.carrement-bon.be\/bouge\/produit\/tarte-cerise-crumble\/\"]}]},{\"@type\":\"ImageObject\",\"inLanguage\":\"fr-FR\",\"@id\":\"https:\/\/www.carrement-bon.be\/bouge\/produit\/tarte-cerise-crumble\/#primaryimage\",\"url\":\"https:\/\/www.carrement-bon.be\/bouge\/wp-content\/uploads\/sites\/5\/2025\/02\/Cerise-Crumble-e1740146740525.png\",\"contentUrl\":\"https:\/\/www.carrement-bon.be\/bouge\/wp-content\/uploads\/sites\/5\/2025\/02\/Cerise-Crumble-e1740146740525.png\",\"width\":978,\"height\":985},{\"@type\":\"BreadcrumbList\",\"@id\":\"https:\/\/www.carrement-bon.be\/bouge\/produit\/tarte-cerise-crumble\/#breadcrumb\",\"itemListElement\":[{\"@type\":\"ListItem\",\"position\":1,\"name\":\"Accueil\",\"item\":\"https:\/\/www.carrement-bon.be\/bouge\/\"},{\"@type\":\"ListItem\",\"position\":2,\"name\":\"TARTERIE\",\"item\":\"https:\/\/www.carrement-bon.be\/bouge\/categorie-produit\/tarterie\/\"},{\"@type\":\"ListItem\",\"position\":3,\"name\":\"TARTE CERISE CRUMBLE\"}]},{\"@type\":\"WebSite\",\"@id\":\"https:\/\/www.carrement-bon.be\/bouge\/#website\",\"url\":\"https:\/\/www.carrement-bon.be\/bouge\/\",\"name\":\"Carr\u00e9ment BON - Boutique de Bouge\",\"description\":\"\",\"publisher\":{\"@id\":\"https:\/\/www.carrement-bon.be\/bouge\/#organization\"},\"potentialAction\":[{\"@type\":\"SearchAction\",\"target\":{\"@type\":\"EntryPoint\",\"urlTemplate\":\"https:\/\/www.carrement-bon.be\/bouge\/?s={search_term_string}\"},\"query-input\":{\"@type\":\"PropertyValueSpecification\",\"valueRequired\":true,\"valueName\":\"search_term_string\"}}],\"inLanguage\":\"fr-FR\"},{\"@type\":\"Organization\",\"@id\":\"https:\/\/www.carrement-bon.be\/bouge\/#organization\",\"name\":\"Carr\u00e9ment BON - Boutique de Bouge\",\"url\":\"https:\/\/www.carrement-bon.be\/bouge\/\",\"logo\":{\"@type\":\"ImageObject\",\"inLanguage\":\"fr-FR\",\"@id\":\"https:\/\/www.carrement-bon.be\/bouge\/#\/schema\/logo\/image\/\",\"url\":\"https:\/\/www.carrement-bon.be\/bouge\/wp-content\/uploads\/sites\/5\/2025\/12\/cropped-cropped-Logo_15x15_2PMS-copie.jpg\",\"contentUrl\":\"https:\/\/www.carrement-bon.be\/bouge\/wp-content\/uploads\/sites\/5\/2025\/12\/cropped-cropped-Logo_15x15_2PMS-copie.jpg\",\"width\":512,\"height\":512,\"caption\":\"Carr\u00e9ment BON - Boutique de Bouge\"},\"image\":{\"@id\":\"https:\/\/www.carrement-bon.be\/bouge\/#\/schema\/logo\/image\/\"}}]}<\/script>\n<!-- \/ Yoast SEO plugin. -->","yoast_head_json":{"title":"TARTE CERISE CRUMBLE - Carr\u00e9ment BON - Boutique de Bouge","robots":{"index":"index","follow":"follow","max-snippet":"max-snippet:-1","max-image-preview":"max-image-preview:large","max-video-preview":"max-video-preview:-1"},"canonical":"https:\/\/www.carrement-bon.be\/bouge\/produit\/tarte-cerise-crumble\/","og_locale":"fr_FR","og_type":"article","og_title":"TARTE CERISE CRUMBLE - Carr\u00e9ment BON - Boutique de Bouge","og_description":"Tarte sans cro\u00fbte (fine pate en sous couche) avec cerises et petits cubles de crumble par-dessus (id\u00e9al pour les enfants [&hellip;]","og_url":"https:\/\/www.carrement-bon.be\/bouge\/produit\/tarte-cerise-crumble\/","og_site_name":"Carr\u00e9ment BON - Boutique de Bouge","article_modified_time":"2025-02-21T14:05:51+00:00","og_image":[{"width":978,"height":985,"url":"https:\/\/www.carrement-bon.be\/bouge\/wp-content\/uploads\/sites\/5\/2025\/02\/Cerise-Crumble-e1740146740525.png","type":"image\/png"}],"twitter_card":"summary_large_image","twitter_misc":{"Dur\u00e9e de lecture estim\u00e9e":"1 minute"},"schema":{"@context":"https:\/\/schema.org","@graph":[{"@type":"WebPage","@id":"https:\/\/www.carrement-bon.be\/bouge\/produit\/tarte-cerise-crumble\/","url":"https:\/\/www.carrement-bon.be\/bouge\/produit\/tarte-cerise-crumble\/","name":"TARTE CERISE CRUMBLE - Carr\u00e9ment BON - Boutique de Bouge","isPartOf":{"@id":"https:\/\/www.carrement-bon.be\/bouge\/#website"},"primaryImageOfPage":{"@id":"https:\/\/www.carrement-bon.be\/bouge\/produit\/tarte-cerise-crumble\/#primaryimage"},"image":{"@id":"https:\/\/www.carrement-bon.be\/bouge\/produit\/tarte-cerise-crumble\/#primaryimage"},"thumbnailUrl":"https:\/\/www.carrement-bon.be\/bouge\/wp-content\/uploads\/sites\/5\/2025\/02\/Cerise-Crumble-e1740146740525.png","datePublished":"2025-02-12T13:11:22+00:00","dateModified":"2025-02-21T14:05:51+00:00","breadcrumb":{"@id":"https:\/\/www.carrement-bon.be\/bouge\/produit\/tarte-cerise-crumble\/#breadcrumb"},"inLanguage":"fr-FR","potentialAction":[{"@type":"ReadAction","target":["https:\/\/www.carrement-bon.be\/bouge\/produit\/tarte-cerise-crumble\/"]}]},{"@type":"ImageObject","inLanguage":"fr-FR","@id":"https:\/\/www.carrement-bon.be\/bouge\/produit\/tarte-cerise-crumble\/#primaryimage","url":"https:\/\/www.carrement-bon.be\/bouge\/wp-content\/uploads\/sites\/5\/2025\/02\/Cerise-Crumble-e1740146740525.png","contentUrl":"https:\/\/www.carrement-bon.be\/bouge\/wp-content\/uploads\/sites\/5\/2025\/02\/Cerise-Crumble-e1740146740525.png","width":978,"height":985},{"@type":"BreadcrumbList","@id":"https:\/\/www.carrement-bon.be\/bouge\/produit\/tarte-cerise-crumble\/#breadcrumb","itemListElement":[{"@type":"ListItem","position":1,"name":"Accueil","item":"https:\/\/www.carrement-bon.be\/bouge\/"},{"@type":"ListItem","position":2,"name":"TARTERIE","item":"https:\/\/www.carrement-bon.be\/bouge\/categorie-produit\/tarterie\/"},{"@type":"ListItem","position":3,"name":"TARTE CERISE CRUMBLE"}]},{"@type":"WebSite","@id":"https:\/\/www.carrement-bon.be\/bouge\/#website","url":"https:\/\/www.carrement-bon.be\/bouge\/","name":"Carr\u00e9ment BON - Boutique de Bouge","description":"","publisher":{"@id":"https:\/\/www.carrement-bon.be\/bouge\/#organization"},"potentialAction":[{"@type":"SearchAction","target":{"@type":"EntryPoint","urlTemplate":"https:\/\/www.carrement-bon.be\/bouge\/?s={search_term_string}"},"query-input":{"@type":"PropertyValueSpecification","valueRequired":true,"valueName":"search_term_string"}}],"inLanguage":"fr-FR"},{"@type":"Organization","@id":"https:\/\/www.carrement-bon.be\/bouge\/#organization","name":"Carr\u00e9ment BON - Boutique de Bouge","url":"https:\/\/www.carrement-bon.be\/bouge\/","logo":{"@type":"ImageObject","inLanguage":"fr-FR","@id":"https:\/\/www.carrement-bon.be\/bouge\/#\/schema\/logo\/image\/","url":"https:\/\/www.carrement-bon.be\/bouge\/wp-content\/uploads\/sites\/5\/2025\/12\/cropped-cropped-Logo_15x15_2PMS-copie.jpg","contentUrl":"https:\/\/www.carrement-bon.be\/bouge\/wp-content\/uploads\/sites\/5\/2025\/12\/cropped-cropped-Logo_15x15_2PMS-copie.jpg","width":512,"height":512,"caption":"Carr\u00e9ment BON - Boutique de Bouge"},"image":{"@id":"https:\/\/www.carrement-bon.be\/bouge\/#\/schema\/logo\/image\/"}}]}},"_links":{"self":[{"href":"https:\/\/www.carrement-bon.be\/bouge\/wp-json\/wp\/v2\/product\/1181","targetHints":{"allow":["GET"]}}],"collection":[{"href":"https:\/\/www.carrement-bon.be\/bouge\/wp-json\/wp\/v2\/product"}],"about":[{"href":"https:\/\/www.carrement-bon.be\/bouge\/wp-json\/wp\/v2\/types\/product"}],"wp:featuredmedia":[{"embeddable":true,"href":"https:\/\/www.carrement-bon.be\/bouge\/wp-json\/wp\/v2\/media\/1262"}],"wp:attachment":[{"href":"https:\/\/www.carrement-bon.be\/bouge\/wp-json\/wp\/v2\/media?parent=1181"}],"wp:term":[{"taxonomy":"product_brand","embeddable":true,"href":"https:\/\/www.carrement-bon.be\/bouge\/wp-json\/wp\/v2\/product_brand?post=1181"},{"taxonomy":"product_cat","embeddable":true,"href":"https:\/\/www.carrement-bon.be\/bouge\/wp-json\/wp\/v2\/product_cat?post=1181"},{"taxonomy":"product_tag","embeddable":true,"href":"https:\/\/www.carrement-bon.be\/bouge\/wp-json\/wp\/v2\/product_tag?post=1181"}],"curies":[{"name":"wp","href":"https:\/\/api.w.org\/{rel}","templated":true}]}}