{"id":424,"date":"2024-05-18T18:14:04","date_gmt":"2024-05-18T16:14:04","guid":{"rendered":"https:\/\/www.carrement-bon.be\/belgrade\/?post_type=product&#038;p=424"},"modified":"2024-09-18T10:03:17","modified_gmt":"2024-09-18T08:03:17","slug":"pain-pti-louis-tartine","status":"publish","type":"product","link":"https:\/\/www.carrement-bon.be\/belgrade\/produit\/pain-pti-louis-tartine\/","title":{"rendered":"PAIN PTI LOUIS TARTINE"},"content":{"rendered":"<p>Le pain tartine id\u00e9al pour familiariser les enfants avec le pain de haute qualit\u00e9. Son processus de fabrication de fermentation lente, l\u2019utilisation d\u2019un levain renourri quotidiennement, une farine blanche locale d\u2019une qualit\u00e9 exceptionnelle, cultiv\u00e9e en agriculture ultra-raisonn\u00e9e et garantissant un sentiment de sati\u00e9t\u00e9 des plus d\u00e9licat. Cette farine locale de Hesbaye est riche en prot\u00e9ines, min\u00e9raux et s\u00e9l\u00e9nium et offre la garantie de l&rsquo;absence totale de r\u00e9sidus de pesticides.  La qualit\u00e9 de son gluten convient la rend m\u00eame accessible aux personnes sensibles au gluten ou intol\u00e9rantes.<\/p>\n","protected":false},"excerpt":{"rendered":"<p>Le pain tartine id\u00e9al pour familiariser les enfants avec le pain de haute qualit\u00e9. Son processus de fabrication de fermentation lente, l\u2019utilisation d\u2019un levain renourri quotidiennement, une farine blanche locale d\u2019une qualit\u00e9 exceptionnelle, cultiv\u00e9e en agriculture ultra-raisonn\u00e9e et garantissant un sentiment de sati\u00e9t\u00e9 des plus d\u00e9licat. Cette farine locale de Hesbaye est riche en prot\u00e9ines, [&hellip;]<\/p>\n","protected":false},"featured_media":144,"comment_status":"open","ping_status":"closed","template":"","meta":{"_acf_changed":false},"product_brand":[],"product_cat":[17],"product_tag":[18],"class_list":{"0":"post-424","1":"product","2":"type-product","3":"status-publish","4":"has-post-thumbnail","6":"product_cat-comptoir-du-pain","7":"product_tag-gluten","9":"first","10":"instock","11":"shipping-taxable","12":"purchasable","13":"product-type-variable"},"acf":[],"yoast_head":"<!-- This site is optimized with the Yoast SEO plugin v25.8 - https:\/\/yoast.com\/wordpress\/plugins\/seo\/ -->\n<title>PAIN PTI LOUIS TARTINE - Carr\u00e9ment BON - Boutique de Namur - Belgrade<\/title>\n<meta name=\"robots\" content=\"index, follow, max-snippet:-1, max-image-preview:large, max-video-preview:-1\" \/>\n<link rel=\"canonical\" href=\"https:\/\/www.carrement-bon.be\/belgrade\/produit\/pain-pti-louis-tartine\/\" \/>\n<meta property=\"og:locale\" content=\"fr_FR\" \/>\n<meta property=\"og:type\" content=\"article\" \/>\n<meta property=\"og:title\" content=\"PAIN PTI LOUIS TARTINE - Carr\u00e9ment BON - Boutique de Namur - Belgrade\" \/>\n<meta property=\"og:description\" content=\"Le pain tartine id\u00e9al pour familiariser les enfants avec le pain de haute qualit\u00e9. Son processus de fabrication de fermentation lente, l\u2019utilisation d\u2019un levain renourri quotidiennement, une farine blanche locale d\u2019une qualit\u00e9 exceptionnelle, cultiv\u00e9e en agriculture ultra-raisonn\u00e9e et garantissant un sentiment de sati\u00e9t\u00e9 des plus d\u00e9licat. Cette farine locale de Hesbaye est riche en prot\u00e9ines, [&hellip;]\" \/>\n<meta property=\"og:url\" content=\"https:\/\/www.carrement-bon.be\/belgrade\/produit\/pain-pti-louis-tartine\/\" \/>\n<meta property=\"og:site_name\" content=\"Carr\u00e9ment BON - Boutique de Namur - Belgrade\" \/>\n<meta property=\"article:modified_time\" content=\"2024-09-18T08:03:17+00:00\" \/>\n<meta property=\"og:image\" content=\"https:\/\/www.carrement-bon.be\/belgrade\/wp-content\/uploads\/sites\/9\/2024\/05\/00000032louis-1.jpeg\" \/>\n\t<meta property=\"og:image:width\" content=\"720\" \/>\n\t<meta property=\"og:image:height\" content=\"480\" \/>\n\t<meta property=\"og:image:type\" content=\"image\/jpeg\" \/>\n<meta name=\"twitter:card\" content=\"summary_large_image\" \/>\n<meta name=\"twitter:label1\" content=\"Dur\u00e9e de lecture estim\u00e9e\" \/>\n\t<meta name=\"twitter:data1\" content=\"1 minute\" \/>\n<script type=\"application\/ld+json\" class=\"yoast-schema-graph\">{\"@context\":\"https:\/\/schema.org\",\"@graph\":[{\"@type\":\"WebPage\",\"@id\":\"https:\/\/www.carrement-bon.be\/belgrade\/produit\/pain-pti-louis-tartine\/\",\"url\":\"https:\/\/www.carrement-bon.be\/belgrade\/produit\/pain-pti-louis-tartine\/\",\"name\":\"PAIN PTI LOUIS TARTINE - Carr\u00e9ment BON - Boutique de Namur - Belgrade\",\"isPartOf\":{\"@id\":\"https:\/\/www.carrement-bon.be\/belgrade\/#website\"},\"primaryImageOfPage\":{\"@id\":\"https:\/\/www.carrement-bon.be\/belgrade\/produit\/pain-pti-louis-tartine\/#primaryimage\"},\"image\":{\"@id\":\"https:\/\/www.carrement-bon.be\/belgrade\/produit\/pain-pti-louis-tartine\/#primaryimage\"},\"thumbnailUrl\":\"https:\/\/www.carrement-bon.be\/belgrade\/wp-content\/uploads\/sites\/9\/2024\/05\/00000032louis-1.jpeg\",\"datePublished\":\"2024-05-18T16:14:04+00:00\",\"dateModified\":\"2024-09-18T08:03:17+00:00\",\"breadcrumb\":{\"@id\":\"https:\/\/www.carrement-bon.be\/belgrade\/produit\/pain-pti-louis-tartine\/#breadcrumb\"},\"inLanguage\":\"fr-FR\",\"potentialAction\":[{\"@type\":\"ReadAction\",\"target\":[\"https:\/\/www.carrement-bon.be\/belgrade\/produit\/pain-pti-louis-tartine\/\"]}]},{\"@type\":\"ImageObject\",\"inLanguage\":\"fr-FR\",\"@id\":\"https:\/\/www.carrement-bon.be\/belgrade\/produit\/pain-pti-louis-tartine\/#primaryimage\",\"url\":\"https:\/\/www.carrement-bon.be\/belgrade\/wp-content\/uploads\/sites\/9\/2024\/05\/00000032louis-1.jpeg\",\"contentUrl\":\"https:\/\/www.carrement-bon.be\/belgrade\/wp-content\/uploads\/sites\/9\/2024\/05\/00000032louis-1.jpeg\",\"width\":720,\"height\":480},{\"@type\":\"BreadcrumbList\",\"@id\":\"https:\/\/www.carrement-bon.be\/belgrade\/produit\/pain-pti-louis-tartine\/#breadcrumb\",\"itemListElement\":[{\"@type\":\"ListItem\",\"position\":1,\"name\":\"Accueil\",\"item\":\"https:\/\/www.carrement-bon.be\/belgrade\/\"},{\"@type\":\"ListItem\",\"position\":2,\"name\":\"Boutique\",\"item\":\"https:\/\/www.carrement-bon.be\/belgrade\/boutique\/\"},{\"@type\":\"ListItem\",\"position\":3,\"name\":\"PAIN PTI LOUIS TARTINE\"}]},{\"@type\":\"WebSite\",\"@id\":\"https:\/\/www.carrement-bon.be\/belgrade\/#website\",\"url\":\"https:\/\/www.carrement-bon.be\/belgrade\/\",\"name\":\"Carr\u00e9ment BON - Boutique de Namur - Belgrade\",\"description\":\"\",\"potentialAction\":[{\"@type\":\"SearchAction\",\"target\":{\"@type\":\"EntryPoint\",\"urlTemplate\":\"https:\/\/www.carrement-bon.be\/belgrade\/?s={search_term_string}\"},\"query-input\":{\"@type\":\"PropertyValueSpecification\",\"valueRequired\":true,\"valueName\":\"search_term_string\"}}],\"inLanguage\":\"fr-FR\"}]}<\/script>\n<!-- \/ Yoast SEO plugin. -->","yoast_head_json":{"title":"PAIN PTI LOUIS TARTINE - Carr\u00e9ment BON - Boutique de Namur - Belgrade","robots":{"index":"index","follow":"follow","max-snippet":"max-snippet:-1","max-image-preview":"max-image-preview:large","max-video-preview":"max-video-preview:-1"},"canonical":"https:\/\/www.carrement-bon.be\/belgrade\/produit\/pain-pti-louis-tartine\/","og_locale":"fr_FR","og_type":"article","og_title":"PAIN PTI LOUIS TARTINE - Carr\u00e9ment BON - Boutique de Namur - Belgrade","og_description":"Le pain tartine id\u00e9al pour familiariser les enfants avec le pain de haute qualit\u00e9. Son processus de fabrication de fermentation lente, l\u2019utilisation d\u2019un levain renourri quotidiennement, une farine blanche locale d\u2019une qualit\u00e9 exceptionnelle, cultiv\u00e9e en agriculture ultra-raisonn\u00e9e et garantissant un sentiment de sati\u00e9t\u00e9 des plus d\u00e9licat. Cette farine locale de Hesbaye est riche en prot\u00e9ines, [&hellip;]","og_url":"https:\/\/www.carrement-bon.be\/belgrade\/produit\/pain-pti-louis-tartine\/","og_site_name":"Carr\u00e9ment BON - Boutique de Namur - Belgrade","article_modified_time":"2024-09-18T08:03:17+00:00","og_image":[{"width":720,"height":480,"url":"https:\/\/www.carrement-bon.be\/belgrade\/wp-content\/uploads\/sites\/9\/2024\/05\/00000032louis-1.jpeg","type":"image\/jpeg"}],"twitter_card":"summary_large_image","twitter_misc":{"Dur\u00e9e de lecture estim\u00e9e":"1 minute"},"schema":{"@context":"https:\/\/schema.org","@graph":[{"@type":"WebPage","@id":"https:\/\/www.carrement-bon.be\/belgrade\/produit\/pain-pti-louis-tartine\/","url":"https:\/\/www.carrement-bon.be\/belgrade\/produit\/pain-pti-louis-tartine\/","name":"PAIN PTI LOUIS TARTINE - Carr\u00e9ment BON - Boutique de Namur - Belgrade","isPartOf":{"@id":"https:\/\/www.carrement-bon.be\/belgrade\/#website"},"primaryImageOfPage":{"@id":"https:\/\/www.carrement-bon.be\/belgrade\/produit\/pain-pti-louis-tartine\/#primaryimage"},"image":{"@id":"https:\/\/www.carrement-bon.be\/belgrade\/produit\/pain-pti-louis-tartine\/#primaryimage"},"thumbnailUrl":"https:\/\/www.carrement-bon.be\/belgrade\/wp-content\/uploads\/sites\/9\/2024\/05\/00000032louis-1.jpeg","datePublished":"2024-05-18T16:14:04+00:00","dateModified":"2024-09-18T08:03:17+00:00","breadcrumb":{"@id":"https:\/\/www.carrement-bon.be\/belgrade\/produit\/pain-pti-louis-tartine\/#breadcrumb"},"inLanguage":"fr-FR","potentialAction":[{"@type":"ReadAction","target":["https:\/\/www.carrement-bon.be\/belgrade\/produit\/pain-pti-louis-tartine\/"]}]},{"@type":"ImageObject","inLanguage":"fr-FR","@id":"https:\/\/www.carrement-bon.be\/belgrade\/produit\/pain-pti-louis-tartine\/#primaryimage","url":"https:\/\/www.carrement-bon.be\/belgrade\/wp-content\/uploads\/sites\/9\/2024\/05\/00000032louis-1.jpeg","contentUrl":"https:\/\/www.carrement-bon.be\/belgrade\/wp-content\/uploads\/sites\/9\/2024\/05\/00000032louis-1.jpeg","width":720,"height":480},{"@type":"BreadcrumbList","@id":"https:\/\/www.carrement-bon.be\/belgrade\/produit\/pain-pti-louis-tartine\/#breadcrumb","itemListElement":[{"@type":"ListItem","position":1,"name":"Accueil","item":"https:\/\/www.carrement-bon.be\/belgrade\/"},{"@type":"ListItem","position":2,"name":"Boutique","item":"https:\/\/www.carrement-bon.be\/belgrade\/boutique\/"},{"@type":"ListItem","position":3,"name":"PAIN PTI LOUIS TARTINE"}]},{"@type":"WebSite","@id":"https:\/\/www.carrement-bon.be\/belgrade\/#website","url":"https:\/\/www.carrement-bon.be\/belgrade\/","name":"Carr\u00e9ment BON - Boutique de Namur - Belgrade","description":"","potentialAction":[{"@type":"SearchAction","target":{"@type":"EntryPoint","urlTemplate":"https:\/\/www.carrement-bon.be\/belgrade\/?s={search_term_string}"},"query-input":{"@type":"PropertyValueSpecification","valueRequired":true,"valueName":"search_term_string"}}],"inLanguage":"fr-FR"}]}},"_links":{"self":[{"href":"https:\/\/www.carrement-bon.be\/belgrade\/wp-json\/wp\/v2\/product\/424","targetHints":{"allow":["GET"]}}],"collection":[{"href":"https:\/\/www.carrement-bon.be\/belgrade\/wp-json\/wp\/v2\/product"}],"about":[{"href":"https:\/\/www.carrement-bon.be\/belgrade\/wp-json\/wp\/v2\/types\/product"}],"replies":[{"embeddable":true,"href":"https:\/\/www.carrement-bon.be\/belgrade\/wp-json\/wp\/v2\/comments?post=424"}],"wp:featuredmedia":[{"embeddable":true,"href":"https:\/\/www.carrement-bon.be\/belgrade\/wp-json\/wp\/v2\/media\/144"}],"wp:attachment":[{"href":"https:\/\/www.carrement-bon.be\/belgrade\/wp-json\/wp\/v2\/media?parent=424"}],"wp:term":[{"taxonomy":"product_brand","embeddable":true,"href":"https:\/\/www.carrement-bon.be\/belgrade\/wp-json\/wp\/v2\/product_brand?post=424"},{"taxonomy":"product_cat","embeddable":true,"href":"https:\/\/www.carrement-bon.be\/belgrade\/wp-json\/wp\/v2\/product_cat?post=424"},{"taxonomy":"product_tag","embeddable":true,"href":"https:\/\/www.carrement-bon.be\/belgrade\/wp-json\/wp\/v2\/product_tag?post=424"}],"curies":[{"name":"wp","href":"https:\/\/api.w.org\/{rel}","templated":true}]}}