{"id":399,"date":"2024-05-18T18:13:56","date_gmt":"2024-05-18T16:13:56","guid":{"rendered":"https:\/\/www.carrement-bon.be\/belgrade\/?post_type=product&#038;p=399"},"modified":"2024-09-18T10:03:15","modified_gmt":"2024-09-18T08:03:15","slug":"gd-vivaldi","status":"publish","type":"product","link":"https:\/\/www.carrement-bon.be\/belgrade\/produit\/gd-vivaldi\/","title":{"rendered":"GD VIVALDI"},"content":{"rendered":"<p>Pain gris multi-c\u00e9r\u00e9ales au levain naturel nourri quotidiennement. Il profite de longues heures de lente fermentation et est compos\u00e9 essentiellement de farine de froment, seigle, d\u2019orge et de graines torr\u00e9fi\u00e9es (soja, lin, tournesol et s\u00e9same). <\/p>\n","protected":false},"excerpt":{"rendered":"<p>Pain gris multi-c\u00e9r\u00e9ales au levain naturel nourri quotidiennement. Il profite de longues heures de lente fermentation et est compos\u00e9 essentiellement de farine de froment, seigle, d\u2019orge et de graines torr\u00e9fi\u00e9es (soja, lin, tournesol et s\u00e9same).<\/p>\n","protected":false},"featured_media":137,"comment_status":"open","ping_status":"closed","template":"","meta":{"_acf_changed":false},"product_brand":[],"product_cat":[17],"product_tag":[18,19,20],"class_list":{"0":"post-399","1":"product","2":"type-product","3":"status-publish","4":"has-post-thumbnail","6":"product_cat-comptoir-du-pain","7":"product_tag-gluten","8":"product_tag-sesame","9":"product_tag-soja","11":"first","12":"instock","13":"shipping-taxable","14":"purchasable","15":"product-type-variable"},"acf":[],"yoast_head":"<!-- This site is optimized with the Yoast SEO plugin v25.8 - https:\/\/yoast.com\/wordpress\/plugins\/seo\/ -->\n<title>GD VIVALDI - Carr\u00e9ment BON - Boutique de Namur - Belgrade<\/title>\n<meta name=\"robots\" content=\"index, follow, max-snippet:-1, max-image-preview:large, max-video-preview:-1\" \/>\n<link rel=\"canonical\" href=\"https:\/\/www.carrement-bon.be\/belgrade\/produit\/gd-vivaldi\/\" \/>\n<meta property=\"og:locale\" content=\"fr_FR\" \/>\n<meta property=\"og:type\" content=\"article\" \/>\n<meta property=\"og:title\" content=\"GD VIVALDI - Carr\u00e9ment BON - Boutique de Namur - Belgrade\" \/>\n<meta property=\"og:description\" content=\"Pain gris multi-c\u00e9r\u00e9ales au levain naturel nourri quotidiennement. Il profite de longues heures de lente fermentation et est compos\u00e9 essentiellement de farine de froment, seigle, d\u2019orge et de graines torr\u00e9fi\u00e9es (soja, lin, tournesol et s\u00e9same).\" \/>\n<meta property=\"og:url\" content=\"https:\/\/www.carrement-bon.be\/belgrade\/produit\/gd-vivaldi\/\" \/>\n<meta property=\"og:site_name\" content=\"Carr\u00e9ment BON - Boutique de Namur - Belgrade\" \/>\n<meta property=\"article:modified_time\" content=\"2024-09-18T08:03:15+00:00\" \/>\n<meta property=\"og:image\" content=\"https:\/\/www.carrement-bon.be\/belgrade\/wp-content\/uploads\/sites\/9\/2024\/05\/00000022-vivaldi-1.jpg\" \/>\n\t<meta property=\"og:image:width\" content=\"720\" \/>\n\t<meta property=\"og:image:height\" content=\"480\" \/>\n\t<meta property=\"og:image:type\" content=\"image\/jpeg\" \/>\n<meta name=\"twitter:card\" content=\"summary_large_image\" \/>\n<script type=\"application\/ld+json\" class=\"yoast-schema-graph\">{\"@context\":\"https:\/\/schema.org\",\"@graph\":[{\"@type\":\"WebPage\",\"@id\":\"https:\/\/www.carrement-bon.be\/belgrade\/produit\/gd-vivaldi\/\",\"url\":\"https:\/\/www.carrement-bon.be\/belgrade\/produit\/gd-vivaldi\/\",\"name\":\"GD VIVALDI - Carr\u00e9ment BON - Boutique de Namur - Belgrade\",\"isPartOf\":{\"@id\":\"https:\/\/www.carrement-bon.be\/belgrade\/#website\"},\"primaryImageOfPage\":{\"@id\":\"https:\/\/www.carrement-bon.be\/belgrade\/produit\/gd-vivaldi\/#primaryimage\"},\"image\":{\"@id\":\"https:\/\/www.carrement-bon.be\/belgrade\/produit\/gd-vivaldi\/#primaryimage\"},\"thumbnailUrl\":\"https:\/\/www.carrement-bon.be\/belgrade\/wp-content\/uploads\/sites\/9\/2024\/05\/00000022-vivaldi-1.jpg\",\"datePublished\":\"2024-05-18T16:13:56+00:00\",\"dateModified\":\"2024-09-18T08:03:15+00:00\",\"breadcrumb\":{\"@id\":\"https:\/\/www.carrement-bon.be\/belgrade\/produit\/gd-vivaldi\/#breadcrumb\"},\"inLanguage\":\"fr-FR\",\"potentialAction\":[{\"@type\":\"ReadAction\",\"target\":[\"https:\/\/www.carrement-bon.be\/belgrade\/produit\/gd-vivaldi\/\"]}]},{\"@type\":\"ImageObject\",\"inLanguage\":\"fr-FR\",\"@id\":\"https:\/\/www.carrement-bon.be\/belgrade\/produit\/gd-vivaldi\/#primaryimage\",\"url\":\"https:\/\/www.carrement-bon.be\/belgrade\/wp-content\/uploads\/sites\/9\/2024\/05\/00000022-vivaldi-1.jpg\",\"contentUrl\":\"https:\/\/www.carrement-bon.be\/belgrade\/wp-content\/uploads\/sites\/9\/2024\/05\/00000022-vivaldi-1.jpg\",\"width\":720,\"height\":480},{\"@type\":\"BreadcrumbList\",\"@id\":\"https:\/\/www.carrement-bon.be\/belgrade\/produit\/gd-vivaldi\/#breadcrumb\",\"itemListElement\":[{\"@type\":\"ListItem\",\"position\":1,\"name\":\"Accueil\",\"item\":\"https:\/\/www.carrement-bon.be\/belgrade\/\"},{\"@type\":\"ListItem\",\"position\":2,\"name\":\"Boutique\",\"item\":\"https:\/\/www.carrement-bon.be\/belgrade\/boutique\/\"},{\"@type\":\"ListItem\",\"position\":3,\"name\":\"GD VIVALDI\"}]},{\"@type\":\"WebSite\",\"@id\":\"https:\/\/www.carrement-bon.be\/belgrade\/#website\",\"url\":\"https:\/\/www.carrement-bon.be\/belgrade\/\",\"name\":\"Carr\u00e9ment BON - Boutique de Namur - Belgrade\",\"description\":\"\",\"potentialAction\":[{\"@type\":\"SearchAction\",\"target\":{\"@type\":\"EntryPoint\",\"urlTemplate\":\"https:\/\/www.carrement-bon.be\/belgrade\/?s={search_term_string}\"},\"query-input\":{\"@type\":\"PropertyValueSpecification\",\"valueRequired\":true,\"valueName\":\"search_term_string\"}}],\"inLanguage\":\"fr-FR\"}]}<\/script>\n<!-- \/ Yoast SEO plugin. -->","yoast_head_json":{"title":"GD VIVALDI - Carr\u00e9ment BON - Boutique de Namur - Belgrade","robots":{"index":"index","follow":"follow","max-snippet":"max-snippet:-1","max-image-preview":"max-image-preview:large","max-video-preview":"max-video-preview:-1"},"canonical":"https:\/\/www.carrement-bon.be\/belgrade\/produit\/gd-vivaldi\/","og_locale":"fr_FR","og_type":"article","og_title":"GD VIVALDI - Carr\u00e9ment BON - Boutique de Namur - Belgrade","og_description":"Pain gris multi-c\u00e9r\u00e9ales au levain naturel nourri quotidiennement. Il profite de longues heures de lente fermentation et est compos\u00e9 essentiellement de farine de froment, seigle, d\u2019orge et de graines torr\u00e9fi\u00e9es (soja, lin, tournesol et s\u00e9same).","og_url":"https:\/\/www.carrement-bon.be\/belgrade\/produit\/gd-vivaldi\/","og_site_name":"Carr\u00e9ment BON - Boutique de Namur - Belgrade","article_modified_time":"2024-09-18T08:03:15+00:00","og_image":[{"width":720,"height":480,"url":"https:\/\/www.carrement-bon.be\/belgrade\/wp-content\/uploads\/sites\/9\/2024\/05\/00000022-vivaldi-1.jpg","type":"image\/jpeg"}],"twitter_card":"summary_large_image","schema":{"@context":"https:\/\/schema.org","@graph":[{"@type":"WebPage","@id":"https:\/\/www.carrement-bon.be\/belgrade\/produit\/gd-vivaldi\/","url":"https:\/\/www.carrement-bon.be\/belgrade\/produit\/gd-vivaldi\/","name":"GD VIVALDI - Carr\u00e9ment BON - Boutique de Namur - Belgrade","isPartOf":{"@id":"https:\/\/www.carrement-bon.be\/belgrade\/#website"},"primaryImageOfPage":{"@id":"https:\/\/www.carrement-bon.be\/belgrade\/produit\/gd-vivaldi\/#primaryimage"},"image":{"@id":"https:\/\/www.carrement-bon.be\/belgrade\/produit\/gd-vivaldi\/#primaryimage"},"thumbnailUrl":"https:\/\/www.carrement-bon.be\/belgrade\/wp-content\/uploads\/sites\/9\/2024\/05\/00000022-vivaldi-1.jpg","datePublished":"2024-05-18T16:13:56+00:00","dateModified":"2024-09-18T08:03:15+00:00","breadcrumb":{"@id":"https:\/\/www.carrement-bon.be\/belgrade\/produit\/gd-vivaldi\/#breadcrumb"},"inLanguage":"fr-FR","potentialAction":[{"@type":"ReadAction","target":["https:\/\/www.carrement-bon.be\/belgrade\/produit\/gd-vivaldi\/"]}]},{"@type":"ImageObject","inLanguage":"fr-FR","@id":"https:\/\/www.carrement-bon.be\/belgrade\/produit\/gd-vivaldi\/#primaryimage","url":"https:\/\/www.carrement-bon.be\/belgrade\/wp-content\/uploads\/sites\/9\/2024\/05\/00000022-vivaldi-1.jpg","contentUrl":"https:\/\/www.carrement-bon.be\/belgrade\/wp-content\/uploads\/sites\/9\/2024\/05\/00000022-vivaldi-1.jpg","width":720,"height":480},{"@type":"BreadcrumbList","@id":"https:\/\/www.carrement-bon.be\/belgrade\/produit\/gd-vivaldi\/#breadcrumb","itemListElement":[{"@type":"ListItem","position":1,"name":"Accueil","item":"https:\/\/www.carrement-bon.be\/belgrade\/"},{"@type":"ListItem","position":2,"name":"Boutique","item":"https:\/\/www.carrement-bon.be\/belgrade\/boutique\/"},{"@type":"ListItem","position":3,"name":"GD VIVALDI"}]},{"@type":"WebSite","@id":"https:\/\/www.carrement-bon.be\/belgrade\/#website","url":"https:\/\/www.carrement-bon.be\/belgrade\/","name":"Carr\u00e9ment BON - Boutique de Namur - Belgrade","description":"","potentialAction":[{"@type":"SearchAction","target":{"@type":"EntryPoint","urlTemplate":"https:\/\/www.carrement-bon.be\/belgrade\/?s={search_term_string}"},"query-input":{"@type":"PropertyValueSpecification","valueRequired":true,"valueName":"search_term_string"}}],"inLanguage":"fr-FR"}]}},"_links":{"self":[{"href":"https:\/\/www.carrement-bon.be\/belgrade\/wp-json\/wp\/v2\/product\/399","targetHints":{"allow":["GET"]}}],"collection":[{"href":"https:\/\/www.carrement-bon.be\/belgrade\/wp-json\/wp\/v2\/product"}],"about":[{"href":"https:\/\/www.carrement-bon.be\/belgrade\/wp-json\/wp\/v2\/types\/product"}],"replies":[{"embeddable":true,"href":"https:\/\/www.carrement-bon.be\/belgrade\/wp-json\/wp\/v2\/comments?post=399"}],"wp:featuredmedia":[{"embeddable":true,"href":"https:\/\/www.carrement-bon.be\/belgrade\/wp-json\/wp\/v2\/media\/137"}],"wp:attachment":[{"href":"https:\/\/www.carrement-bon.be\/belgrade\/wp-json\/wp\/v2\/media?parent=399"}],"wp:term":[{"taxonomy":"product_brand","embeddable":true,"href":"https:\/\/www.carrement-bon.be\/belgrade\/wp-json\/wp\/v2\/product_brand?post=399"},{"taxonomy":"product_cat","embeddable":true,"href":"https:\/\/www.carrement-bon.be\/belgrade\/wp-json\/wp\/v2\/product_cat?post=399"},{"taxonomy":"product_tag","embeddable":true,"href":"https:\/\/www.carrement-bon.be\/belgrade\/wp-json\/wp\/v2\/product_tag?post=399"}],"curies":[{"name":"wp","href":"https:\/\/api.w.org\/{rel}","templated":true}]}}