{"id":381,"date":"2024-05-18T18:13:52","date_gmt":"2024-05-18T16:13:52","guid":{"rendered":"https:\/\/www.carrement-bon.be\/belgrade\/produit\/chausson-cerises\/"},"modified":"2024-09-19T17:00:34","modified_gmt":"2024-09-19T15:00:34","slug":"chausson-cerises","status":"publish","type":"product","link":"https:\/\/www.carrement-bon.be\/belgrade\/produit\/chausson-cerises\/","title":{"rendered":"CHAUSSON CERISES"},"content":{"rendered":"<p>Une p\u00e2te biscuit\u00e9e fondante, fourr\u00e9e d&rsquo;une compot\u00e9e de cerises<\/p>\n","protected":false},"excerpt":{"rendered":"<p>Une p\u00e2te biscuit\u00e9e fondante, fourr\u00e9e d&rsquo;une compot\u00e9e de cerises<\/p>\n","protected":false},"featured_media":342,"comment_status":"open","ping_status":"closed","template":"","meta":{"_acf_changed":false},"product_brand":[],"product_cat":[38],"product_tag":[],"class_list":{"0":"post-381","1":"product","2":"type-product","3":"status-publish","4":"has-post-thumbnail","6":"product_cat-viennoiserie","8":"first","9":"instock","10":"shipping-taxable","11":"purchasable","12":"product-type-simple"},"acf":[],"yoast_head":"<!-- This site is optimized with the Yoast SEO plugin v25.8 - https:\/\/yoast.com\/wordpress\/plugins\/seo\/ -->\n<title>CHAUSSON CERISES - Carr\u00e9ment BON - Boutique de Namur - Belgrade<\/title>\n<meta name=\"robots\" content=\"index, follow, max-snippet:-1, max-image-preview:large, max-video-preview:-1\" \/>\n<link rel=\"canonical\" href=\"https:\/\/www.carrement-bon.be\/belgrade\/produit\/chausson-cerises\/\" \/>\n<meta property=\"og:locale\" content=\"fr_FR\" \/>\n<meta property=\"og:type\" content=\"article\" \/>\n<meta property=\"og:title\" content=\"CHAUSSON CERISES - Carr\u00e9ment BON - Boutique de Namur - Belgrade\" \/>\n<meta property=\"og:description\" content=\"Une p\u00e2te biscuit\u00e9e fondante, fourr\u00e9e d&rsquo;une compot\u00e9e de cerises\" \/>\n<meta property=\"og:url\" content=\"https:\/\/www.carrement-bon.be\/belgrade\/produit\/chausson-cerises\/\" \/>\n<meta property=\"og:site_name\" content=\"Carr\u00e9ment BON - Boutique de Namur - Belgrade\" \/>\n<meta property=\"article:modified_time\" content=\"2024-09-19T15:00:34+00:00\" \/>\n<meta property=\"og:image\" content=\"https:\/\/www.carrement-bon.be\/belgrade\/wp-content\/uploads\/sites\/9\/2024\/05\/00400013-ChaussonCerises-rotated.jpg\" \/>\n\t<meta property=\"og:image:width\" content=\"480\" \/>\n\t<meta property=\"og:image:height\" content=\"720\" \/>\n\t<meta property=\"og:image:type\" content=\"image\/jpeg\" \/>\n<meta name=\"twitter:card\" content=\"summary_large_image\" \/>\n<script type=\"application\/ld+json\" class=\"yoast-schema-graph\">{\"@context\":\"https:\/\/schema.org\",\"@graph\":[{\"@type\":\"WebPage\",\"@id\":\"https:\/\/www.carrement-bon.be\/belgrade\/produit\/chausson-cerises\/\",\"url\":\"https:\/\/www.carrement-bon.be\/belgrade\/produit\/chausson-cerises\/\",\"name\":\"CHAUSSON CERISES - Carr\u00e9ment BON - Boutique de Namur - Belgrade\",\"isPartOf\":{\"@id\":\"https:\/\/www.carrement-bon.be\/belgrade\/#website\"},\"primaryImageOfPage\":{\"@id\":\"https:\/\/www.carrement-bon.be\/belgrade\/produit\/chausson-cerises\/#primaryimage\"},\"image\":{\"@id\":\"https:\/\/www.carrement-bon.be\/belgrade\/produit\/chausson-cerises\/#primaryimage\"},\"thumbnailUrl\":\"https:\/\/www.carrement-bon.be\/belgrade\/wp-content\/uploads\/sites\/9\/2024\/05\/00400013-ChaussonCerises-rotated.jpg\",\"datePublished\":\"2024-05-18T16:13:52+00:00\",\"dateModified\":\"2024-09-19T15:00:34+00:00\",\"breadcrumb\":{\"@id\":\"https:\/\/www.carrement-bon.be\/belgrade\/produit\/chausson-cerises\/#breadcrumb\"},\"inLanguage\":\"fr-FR\",\"potentialAction\":[{\"@type\":\"ReadAction\",\"target\":[\"https:\/\/www.carrement-bon.be\/belgrade\/produit\/chausson-cerises\/\"]}]},{\"@type\":\"ImageObject\",\"inLanguage\":\"fr-FR\",\"@id\":\"https:\/\/www.carrement-bon.be\/belgrade\/produit\/chausson-cerises\/#primaryimage\",\"url\":\"https:\/\/www.carrement-bon.be\/belgrade\/wp-content\/uploads\/sites\/9\/2024\/05\/00400013-ChaussonCerises-rotated.jpg\",\"contentUrl\":\"https:\/\/www.carrement-bon.be\/belgrade\/wp-content\/uploads\/sites\/9\/2024\/05\/00400013-ChaussonCerises-rotated.jpg\",\"width\":480,\"height\":720},{\"@type\":\"BreadcrumbList\",\"@id\":\"https:\/\/www.carrement-bon.be\/belgrade\/produit\/chausson-cerises\/#breadcrumb\",\"itemListElement\":[{\"@type\":\"ListItem\",\"position\":1,\"name\":\"Accueil\",\"item\":\"https:\/\/www.carrement-bon.be\/belgrade\/\"},{\"@type\":\"ListItem\",\"position\":2,\"name\":\"Boutique\",\"item\":\"https:\/\/www.carrement-bon.be\/belgrade\/boutique\/\"},{\"@type\":\"ListItem\",\"position\":3,\"name\":\"CHAUSSON CERISES\"}]},{\"@type\":\"WebSite\",\"@id\":\"https:\/\/www.carrement-bon.be\/belgrade\/#website\",\"url\":\"https:\/\/www.carrement-bon.be\/belgrade\/\",\"name\":\"Carr\u00e9ment BON - Boutique de Namur - Belgrade\",\"description\":\"\",\"potentialAction\":[{\"@type\":\"SearchAction\",\"target\":{\"@type\":\"EntryPoint\",\"urlTemplate\":\"https:\/\/www.carrement-bon.be\/belgrade\/?s={search_term_string}\"},\"query-input\":{\"@type\":\"PropertyValueSpecification\",\"valueRequired\":true,\"valueName\":\"search_term_string\"}}],\"inLanguage\":\"fr-FR\"}]}<\/script>\n<!-- \/ Yoast SEO plugin. -->","yoast_head_json":{"title":"CHAUSSON CERISES - Carr\u00e9ment BON - Boutique de Namur - Belgrade","robots":{"index":"index","follow":"follow","max-snippet":"max-snippet:-1","max-image-preview":"max-image-preview:large","max-video-preview":"max-video-preview:-1"},"canonical":"https:\/\/www.carrement-bon.be\/belgrade\/produit\/chausson-cerises\/","og_locale":"fr_FR","og_type":"article","og_title":"CHAUSSON CERISES - Carr\u00e9ment BON - Boutique de Namur - Belgrade","og_description":"Une p\u00e2te biscuit\u00e9e fondante, fourr\u00e9e d&rsquo;une compot\u00e9e de cerises","og_url":"https:\/\/www.carrement-bon.be\/belgrade\/produit\/chausson-cerises\/","og_site_name":"Carr\u00e9ment BON - Boutique de Namur - Belgrade","article_modified_time":"2024-09-19T15:00:34+00:00","og_image":[{"width":480,"height":720,"url":"https:\/\/www.carrement-bon.be\/belgrade\/wp-content\/uploads\/sites\/9\/2024\/05\/00400013-ChaussonCerises-rotated.jpg","type":"image\/jpeg"}],"twitter_card":"summary_large_image","schema":{"@context":"https:\/\/schema.org","@graph":[{"@type":"WebPage","@id":"https:\/\/www.carrement-bon.be\/belgrade\/produit\/chausson-cerises\/","url":"https:\/\/www.carrement-bon.be\/belgrade\/produit\/chausson-cerises\/","name":"CHAUSSON CERISES - Carr\u00e9ment BON - Boutique de Namur - Belgrade","isPartOf":{"@id":"https:\/\/www.carrement-bon.be\/belgrade\/#website"},"primaryImageOfPage":{"@id":"https:\/\/www.carrement-bon.be\/belgrade\/produit\/chausson-cerises\/#primaryimage"},"image":{"@id":"https:\/\/www.carrement-bon.be\/belgrade\/produit\/chausson-cerises\/#primaryimage"},"thumbnailUrl":"https:\/\/www.carrement-bon.be\/belgrade\/wp-content\/uploads\/sites\/9\/2024\/05\/00400013-ChaussonCerises-rotated.jpg","datePublished":"2024-05-18T16:13:52+00:00","dateModified":"2024-09-19T15:00:34+00:00","breadcrumb":{"@id":"https:\/\/www.carrement-bon.be\/belgrade\/produit\/chausson-cerises\/#breadcrumb"},"inLanguage":"fr-FR","potentialAction":[{"@type":"ReadAction","target":["https:\/\/www.carrement-bon.be\/belgrade\/produit\/chausson-cerises\/"]}]},{"@type":"ImageObject","inLanguage":"fr-FR","@id":"https:\/\/www.carrement-bon.be\/belgrade\/produit\/chausson-cerises\/#primaryimage","url":"https:\/\/www.carrement-bon.be\/belgrade\/wp-content\/uploads\/sites\/9\/2024\/05\/00400013-ChaussonCerises-rotated.jpg","contentUrl":"https:\/\/www.carrement-bon.be\/belgrade\/wp-content\/uploads\/sites\/9\/2024\/05\/00400013-ChaussonCerises-rotated.jpg","width":480,"height":720},{"@type":"BreadcrumbList","@id":"https:\/\/www.carrement-bon.be\/belgrade\/produit\/chausson-cerises\/#breadcrumb","itemListElement":[{"@type":"ListItem","position":1,"name":"Accueil","item":"https:\/\/www.carrement-bon.be\/belgrade\/"},{"@type":"ListItem","position":2,"name":"Boutique","item":"https:\/\/www.carrement-bon.be\/belgrade\/boutique\/"},{"@type":"ListItem","position":3,"name":"CHAUSSON CERISES"}]},{"@type":"WebSite","@id":"https:\/\/www.carrement-bon.be\/belgrade\/#website","url":"https:\/\/www.carrement-bon.be\/belgrade\/","name":"Carr\u00e9ment BON - Boutique de Namur - Belgrade","description":"","potentialAction":[{"@type":"SearchAction","target":{"@type":"EntryPoint","urlTemplate":"https:\/\/www.carrement-bon.be\/belgrade\/?s={search_term_string}"},"query-input":{"@type":"PropertyValueSpecification","valueRequired":true,"valueName":"search_term_string"}}],"inLanguage":"fr-FR"}]}},"_links":{"self":[{"href":"https:\/\/www.carrement-bon.be\/belgrade\/wp-json\/wp\/v2\/product\/381","targetHints":{"allow":["GET"]}}],"collection":[{"href":"https:\/\/www.carrement-bon.be\/belgrade\/wp-json\/wp\/v2\/product"}],"about":[{"href":"https:\/\/www.carrement-bon.be\/belgrade\/wp-json\/wp\/v2\/types\/product"}],"replies":[{"embeddable":true,"href":"https:\/\/www.carrement-bon.be\/belgrade\/wp-json\/wp\/v2\/comments?post=381"}],"wp:featuredmedia":[{"embeddable":true,"href":"https:\/\/www.carrement-bon.be\/belgrade\/wp-json\/wp\/v2\/media\/342"}],"wp:attachment":[{"href":"https:\/\/www.carrement-bon.be\/belgrade\/wp-json\/wp\/v2\/media?parent=381"}],"wp:term":[{"taxonomy":"product_brand","embeddable":true,"href":"https:\/\/www.carrement-bon.be\/belgrade\/wp-json\/wp\/v2\/product_brand?post=381"},{"taxonomy":"product_cat","embeddable":true,"href":"https:\/\/www.carrement-bon.be\/belgrade\/wp-json\/wp\/v2\/product_cat?post=381"},{"taxonomy":"product_tag","embeddable":true,"href":"https:\/\/www.carrement-bon.be\/belgrade\/wp-json\/wp\/v2\/product_tag?post=381"}],"curies":[{"name":"wp","href":"https:\/\/api.w.org\/{rel}","templated":true}]}}