{"id":319,"date":"2024-05-05T13:09:49","date_gmt":"2024-05-05T11:09:49","guid":{"rendered":"https:\/\/www.carrement-bon.be\/belgrade\/produit\/baguette-rustique\/"},"modified":"2024-09-18T10:03:07","modified_gmt":"2024-09-18T08:03:07","slug":"baguette-rustique","status":"publish","type":"product","link":"https:\/\/www.carrement-bon.be\/belgrade\/produit\/baguette-rustique\/","title":{"rendered":"BAGUETTE RUSTIQUE"},"content":{"rendered":"<p>Baguette plus large r\u00e9alis\u00e9e au d\u00e9part d&rsquo;une p\u00e2te au levain \u00e0 fermentation lente et cuite sur pierre. De forme singuli\u00e8re, plus courte et plus large que les baguettes traditionnelles, elle se distingue par une mie plus abondante et par sa consistance.<\/p>\n","protected":false},"excerpt":{"rendered":"<p>Baguette plus large r\u00e9alis\u00e9e au d\u00e9part d&rsquo;une p\u00e2te au levain \u00e0 fermentation lente et cuite sur pierre. De forme singuli\u00e8re, plus courte et plus large que les baguettes traditionnelles, elle se distingue par une mie plus abondante et par sa consistance.<\/p>\n","protected":false},"featured_media":219,"comment_status":"open","ping_status":"closed","template":"","meta":{"_acf_changed":false},"product_brand":[],"product_cat":[37],"product_tag":[],"class_list":{"0":"post-319","1":"product","2":"type-product","3":"status-publish","4":"has-post-thumbnail","6":"product_cat-baguettes-co","8":"first","9":"instock","10":"shipping-taxable","11":"purchasable","12":"product-type-simple"},"acf":[],"yoast_head":"<!-- This site is optimized with the Yoast SEO plugin v25.8 - https:\/\/yoast.com\/wordpress\/plugins\/seo\/ -->\n<title>BAGUETTE RUSTIQUE - Carr\u00e9ment BON - Boutique de Namur - Belgrade<\/title>\n<meta name=\"robots\" content=\"index, follow, max-snippet:-1, max-image-preview:large, max-video-preview:-1\" \/>\n<link rel=\"canonical\" href=\"https:\/\/www.carrement-bon.be\/belgrade\/produit\/baguette-rustique\/\" \/>\n<meta property=\"og:locale\" content=\"fr_FR\" \/>\n<meta property=\"og:type\" content=\"article\" \/>\n<meta property=\"og:title\" content=\"BAGUETTE RUSTIQUE - Carr\u00e9ment BON - Boutique de Namur - Belgrade\" \/>\n<meta property=\"og:description\" content=\"Baguette plus large r\u00e9alis\u00e9e au d\u00e9part d&rsquo;une p\u00e2te au levain \u00e0 fermentation lente et cuite sur pierre. De forme singuli\u00e8re, plus courte et plus large que les baguettes traditionnelles, elle se distingue par une mie plus abondante et par sa consistance.\" \/>\n<meta property=\"og:url\" content=\"https:\/\/www.carrement-bon.be\/belgrade\/produit\/baguette-rustique\/\" \/>\n<meta property=\"og:site_name\" content=\"Carr\u00e9ment BON - Boutique de Namur - Belgrade\" \/>\n<meta property=\"article:modified_time\" content=\"2024-09-18T08:03:07+00:00\" \/>\n<meta property=\"og:image\" content=\"https:\/\/www.carrement-bon.be\/belgrade\/wp-content\/uploads\/sites\/9\/2024\/05\/00200008-BaguetteRustique-rotated.jpg\" \/>\n\t<meta property=\"og:image:width\" content=\"480\" \/>\n\t<meta property=\"og:image:height\" content=\"720\" \/>\n\t<meta property=\"og:image:type\" content=\"image\/jpeg\" \/>\n<meta name=\"twitter:card\" content=\"summary_large_image\" \/>\n<script type=\"application\/ld+json\" class=\"yoast-schema-graph\">{\"@context\":\"https:\/\/schema.org\",\"@graph\":[{\"@type\":\"WebPage\",\"@id\":\"https:\/\/www.carrement-bon.be\/belgrade\/produit\/baguette-rustique\/\",\"url\":\"https:\/\/www.carrement-bon.be\/belgrade\/produit\/baguette-rustique\/\",\"name\":\"BAGUETTE RUSTIQUE - Carr\u00e9ment BON - Boutique de Namur - Belgrade\",\"isPartOf\":{\"@id\":\"https:\/\/www.carrement-bon.be\/belgrade\/#website\"},\"primaryImageOfPage\":{\"@id\":\"https:\/\/www.carrement-bon.be\/belgrade\/produit\/baguette-rustique\/#primaryimage\"},\"image\":{\"@id\":\"https:\/\/www.carrement-bon.be\/belgrade\/produit\/baguette-rustique\/#primaryimage\"},\"thumbnailUrl\":\"https:\/\/www.carrement-bon.be\/belgrade\/wp-content\/uploads\/sites\/9\/2024\/05\/00200008-BaguetteRustique-rotated.jpg\",\"datePublished\":\"2024-05-05T11:09:49+00:00\",\"dateModified\":\"2024-09-18T08:03:07+00:00\",\"breadcrumb\":{\"@id\":\"https:\/\/www.carrement-bon.be\/belgrade\/produit\/baguette-rustique\/#breadcrumb\"},\"inLanguage\":\"fr-FR\",\"potentialAction\":[{\"@type\":\"ReadAction\",\"target\":[\"https:\/\/www.carrement-bon.be\/belgrade\/produit\/baguette-rustique\/\"]}]},{\"@type\":\"ImageObject\",\"inLanguage\":\"fr-FR\",\"@id\":\"https:\/\/www.carrement-bon.be\/belgrade\/produit\/baguette-rustique\/#primaryimage\",\"url\":\"https:\/\/www.carrement-bon.be\/belgrade\/wp-content\/uploads\/sites\/9\/2024\/05\/00200008-BaguetteRustique-rotated.jpg\",\"contentUrl\":\"https:\/\/www.carrement-bon.be\/belgrade\/wp-content\/uploads\/sites\/9\/2024\/05\/00200008-BaguetteRustique-rotated.jpg\",\"width\":480,\"height\":720},{\"@type\":\"BreadcrumbList\",\"@id\":\"https:\/\/www.carrement-bon.be\/belgrade\/produit\/baguette-rustique\/#breadcrumb\",\"itemListElement\":[{\"@type\":\"ListItem\",\"position\":1,\"name\":\"Accueil\",\"item\":\"https:\/\/www.carrement-bon.be\/belgrade\/\"},{\"@type\":\"ListItem\",\"position\":2,\"name\":\"Boutique\",\"item\":\"https:\/\/www.carrement-bon.be\/belgrade\/boutique\/\"},{\"@type\":\"ListItem\",\"position\":3,\"name\":\"BAGUETTE RUSTIQUE\"}]},{\"@type\":\"WebSite\",\"@id\":\"https:\/\/www.carrement-bon.be\/belgrade\/#website\",\"url\":\"https:\/\/www.carrement-bon.be\/belgrade\/\",\"name\":\"Carr\u00e9ment BON - Boutique de Namur - Belgrade\",\"description\":\"\",\"potentialAction\":[{\"@type\":\"SearchAction\",\"target\":{\"@type\":\"EntryPoint\",\"urlTemplate\":\"https:\/\/www.carrement-bon.be\/belgrade\/?s={search_term_string}\"},\"query-input\":{\"@type\":\"PropertyValueSpecification\",\"valueRequired\":true,\"valueName\":\"search_term_string\"}}],\"inLanguage\":\"fr-FR\"}]}<\/script>\n<!-- \/ Yoast SEO plugin. -->","yoast_head_json":{"title":"BAGUETTE RUSTIQUE - Carr\u00e9ment BON - Boutique de Namur - Belgrade","robots":{"index":"index","follow":"follow","max-snippet":"max-snippet:-1","max-image-preview":"max-image-preview:large","max-video-preview":"max-video-preview:-1"},"canonical":"https:\/\/www.carrement-bon.be\/belgrade\/produit\/baguette-rustique\/","og_locale":"fr_FR","og_type":"article","og_title":"BAGUETTE RUSTIQUE - Carr\u00e9ment BON - Boutique de Namur - Belgrade","og_description":"Baguette plus large r\u00e9alis\u00e9e au d\u00e9part d&rsquo;une p\u00e2te au levain \u00e0 fermentation lente et cuite sur pierre. De forme singuli\u00e8re, plus courte et plus large que les baguettes traditionnelles, elle se distingue par une mie plus abondante et par sa consistance.","og_url":"https:\/\/www.carrement-bon.be\/belgrade\/produit\/baguette-rustique\/","og_site_name":"Carr\u00e9ment BON - Boutique de Namur - Belgrade","article_modified_time":"2024-09-18T08:03:07+00:00","og_image":[{"width":480,"height":720,"url":"https:\/\/www.carrement-bon.be\/belgrade\/wp-content\/uploads\/sites\/9\/2024\/05\/00200008-BaguetteRustique-rotated.jpg","type":"image\/jpeg"}],"twitter_card":"summary_large_image","schema":{"@context":"https:\/\/schema.org","@graph":[{"@type":"WebPage","@id":"https:\/\/www.carrement-bon.be\/belgrade\/produit\/baguette-rustique\/","url":"https:\/\/www.carrement-bon.be\/belgrade\/produit\/baguette-rustique\/","name":"BAGUETTE RUSTIQUE - Carr\u00e9ment BON - Boutique de Namur - Belgrade","isPartOf":{"@id":"https:\/\/www.carrement-bon.be\/belgrade\/#website"},"primaryImageOfPage":{"@id":"https:\/\/www.carrement-bon.be\/belgrade\/produit\/baguette-rustique\/#primaryimage"},"image":{"@id":"https:\/\/www.carrement-bon.be\/belgrade\/produit\/baguette-rustique\/#primaryimage"},"thumbnailUrl":"https:\/\/www.carrement-bon.be\/belgrade\/wp-content\/uploads\/sites\/9\/2024\/05\/00200008-BaguetteRustique-rotated.jpg","datePublished":"2024-05-05T11:09:49+00:00","dateModified":"2024-09-18T08:03:07+00:00","breadcrumb":{"@id":"https:\/\/www.carrement-bon.be\/belgrade\/produit\/baguette-rustique\/#breadcrumb"},"inLanguage":"fr-FR","potentialAction":[{"@type":"ReadAction","target":["https:\/\/www.carrement-bon.be\/belgrade\/produit\/baguette-rustique\/"]}]},{"@type":"ImageObject","inLanguage":"fr-FR","@id":"https:\/\/www.carrement-bon.be\/belgrade\/produit\/baguette-rustique\/#primaryimage","url":"https:\/\/www.carrement-bon.be\/belgrade\/wp-content\/uploads\/sites\/9\/2024\/05\/00200008-BaguetteRustique-rotated.jpg","contentUrl":"https:\/\/www.carrement-bon.be\/belgrade\/wp-content\/uploads\/sites\/9\/2024\/05\/00200008-BaguetteRustique-rotated.jpg","width":480,"height":720},{"@type":"BreadcrumbList","@id":"https:\/\/www.carrement-bon.be\/belgrade\/produit\/baguette-rustique\/#breadcrumb","itemListElement":[{"@type":"ListItem","position":1,"name":"Accueil","item":"https:\/\/www.carrement-bon.be\/belgrade\/"},{"@type":"ListItem","position":2,"name":"Boutique","item":"https:\/\/www.carrement-bon.be\/belgrade\/boutique\/"},{"@type":"ListItem","position":3,"name":"BAGUETTE RUSTIQUE"}]},{"@type":"WebSite","@id":"https:\/\/www.carrement-bon.be\/belgrade\/#website","url":"https:\/\/www.carrement-bon.be\/belgrade\/","name":"Carr\u00e9ment BON - Boutique de Namur - Belgrade","description":"","potentialAction":[{"@type":"SearchAction","target":{"@type":"EntryPoint","urlTemplate":"https:\/\/www.carrement-bon.be\/belgrade\/?s={search_term_string}"},"query-input":{"@type":"PropertyValueSpecification","valueRequired":true,"valueName":"search_term_string"}}],"inLanguage":"fr-FR"}]}},"_links":{"self":[{"href":"https:\/\/www.carrement-bon.be\/belgrade\/wp-json\/wp\/v2\/product\/319","targetHints":{"allow":["GET"]}}],"collection":[{"href":"https:\/\/www.carrement-bon.be\/belgrade\/wp-json\/wp\/v2\/product"}],"about":[{"href":"https:\/\/www.carrement-bon.be\/belgrade\/wp-json\/wp\/v2\/types\/product"}],"replies":[{"embeddable":true,"href":"https:\/\/www.carrement-bon.be\/belgrade\/wp-json\/wp\/v2\/comments?post=319"}],"wp:featuredmedia":[{"embeddable":true,"href":"https:\/\/www.carrement-bon.be\/belgrade\/wp-json\/wp\/v2\/media\/219"}],"wp:attachment":[{"href":"https:\/\/www.carrement-bon.be\/belgrade\/wp-json\/wp\/v2\/media?parent=319"}],"wp:term":[{"taxonomy":"product_brand","embeddable":true,"href":"https:\/\/www.carrement-bon.be\/belgrade\/wp-json\/wp\/v2\/product_brand?post=319"},{"taxonomy":"product_cat","embeddable":true,"href":"https:\/\/www.carrement-bon.be\/belgrade\/wp-json\/wp\/v2\/product_cat?post=319"},{"taxonomy":"product_tag","embeddable":true,"href":"https:\/\/www.carrement-bon.be\/belgrade\/wp-json\/wp\/v2\/product_tag?post=319"}],"curies":[{"name":"wp","href":"https:\/\/api.w.org\/{rel}","templated":true}]}}