{"id":263,"date":"2024-05-05T13:09:37","date_gmt":"2024-05-05T11:09:37","guid":{"rendered":"https:\/\/www.carrement-bon.be\/belgrade\/produit\/macarons-etui-double\/"},"modified":"2024-09-18T10:03:00","modified_gmt":"2024-09-18T08:03:00","slug":"macarons-etui-double","status":"publish","type":"product","link":"https:\/\/www.carrement-bon.be\/belgrade\/produit\/macarons-etui-double\/","title":{"rendered":"MACARONS ETUI DOUBLE"},"content":{"rendered":"<p>Gourmandises \u00e0 base d&rsquo;\u0153uf et de poudre d&rsquo;amande fourr\u00e9es de ganache aux go\u00fbts multiples (vanille, chocolat amer, caf\u00e9, caramel, sp\u00e9culoos, pralin\u00e9, framboise, passion, citron, griotte, violette et pisache).  L&rsquo;\u00e9tui double comprend 14 pi\u00e8ces aux go\u00fbts vari\u00e9s. Notez que les macarons violette, framboise et citron sont certifi\u00e9s sans lactose puisqu&rsquo;ils sont fourr\u00e9s avec une gel\u00e9e de fruit au lieu d&rsquo;une ganache<\/p>\n","protected":false},"excerpt":{"rendered":"<p>Gourmandises \u00e0 base d&rsquo;\u0153uf et de poudre d&rsquo;amande fourr\u00e9es de ganache aux go\u00fbts multiples (vanille, chocolat amer, caf\u00e9, caramel, sp\u00e9culoos, pralin\u00e9, framboise, passion, citron, griotte, violette et pisache). L&rsquo;\u00e9tui double comprend 14 pi\u00e8ces aux go\u00fbts vari\u00e9s. Notez que les macarons violette, framboise et citron sont certifi\u00e9s sans lactose puisqu&rsquo;ils sont fourr\u00e9s avec une gel\u00e9e de [&hellip;]<\/p>\n","protected":false},"featured_media":147,"comment_status":"open","ping_status":"closed","template":"","meta":{"_acf_changed":false},"product_brand":[],"product_cat":[21],"product_tag":[22],"class_list":{"0":"post-263","1":"product","2":"type-product","3":"status-publish","4":"has-post-thumbnail","6":"product_cat-epicerie-fine","7":"product_tag-lactose","9":"first","10":"instock","11":"shipping-taxable","12":"purchasable","13":"product-type-simple"},"acf":[],"yoast_head":"<!-- This site is optimized with the Yoast SEO plugin v25.8 - https:\/\/yoast.com\/wordpress\/plugins\/seo\/ -->\n<title>MACARONS ETUI DOUBLE - Carr\u00e9ment BON - Boutique de Namur - Belgrade<\/title>\n<meta name=\"robots\" content=\"index, follow, max-snippet:-1, max-image-preview:large, max-video-preview:-1\" \/>\n<link rel=\"canonical\" href=\"https:\/\/www.carrement-bon.be\/belgrade\/produit\/macarons-etui-double\/\" \/>\n<meta property=\"og:locale\" content=\"fr_FR\" \/>\n<meta property=\"og:type\" content=\"article\" \/>\n<meta property=\"og:title\" content=\"MACARONS ETUI DOUBLE - Carr\u00e9ment BON - Boutique de Namur - Belgrade\" \/>\n<meta property=\"og:description\" content=\"Gourmandises \u00e0 base d&rsquo;\u0153uf et de poudre d&rsquo;amande fourr\u00e9es de ganache aux go\u00fbts multiples (vanille, chocolat amer, caf\u00e9, caramel, sp\u00e9culoos, pralin\u00e9, framboise, passion, citron, griotte, violette et pisache). L&rsquo;\u00e9tui double comprend 14 pi\u00e8ces aux go\u00fbts vari\u00e9s. Notez que les macarons violette, framboise et citron sont certifi\u00e9s sans lactose puisqu&rsquo;ils sont fourr\u00e9s avec une gel\u00e9e de [&hellip;]\" \/>\n<meta property=\"og:url\" content=\"https:\/\/www.carrement-bon.be\/belgrade\/produit\/macarons-etui-double\/\" \/>\n<meta property=\"og:site_name\" content=\"Carr\u00e9ment BON - Boutique de Namur - Belgrade\" \/>\n<meta property=\"article:modified_time\" content=\"2024-09-18T08:03:00+00:00\" \/>\n<meta property=\"og:image\" content=\"https:\/\/www.carrement-bon.be\/belgrade\/wp-content\/uploads\/sites\/9\/2024\/05\/00110009-macarondouble-1.jpg\" \/>\n\t<meta property=\"og:image:width\" content=\"480\" \/>\n\t<meta property=\"og:image:height\" content=\"480\" \/>\n\t<meta property=\"og:image:type\" content=\"image\/jpeg\" \/>\n<meta name=\"twitter:card\" content=\"summary_large_image\" \/>\n<script type=\"application\/ld+json\" class=\"yoast-schema-graph\">{\"@context\":\"https:\/\/schema.org\",\"@graph\":[{\"@type\":\"WebPage\",\"@id\":\"https:\/\/www.carrement-bon.be\/belgrade\/produit\/macarons-etui-double\/\",\"url\":\"https:\/\/www.carrement-bon.be\/belgrade\/produit\/macarons-etui-double\/\",\"name\":\"MACARONS ETUI DOUBLE - Carr\u00e9ment BON - Boutique de Namur - Belgrade\",\"isPartOf\":{\"@id\":\"https:\/\/www.carrement-bon.be\/belgrade\/#website\"},\"primaryImageOfPage\":{\"@id\":\"https:\/\/www.carrement-bon.be\/belgrade\/produit\/macarons-etui-double\/#primaryimage\"},\"image\":{\"@id\":\"https:\/\/www.carrement-bon.be\/belgrade\/produit\/macarons-etui-double\/#primaryimage\"},\"thumbnailUrl\":\"https:\/\/www.carrement-bon.be\/belgrade\/wp-content\/uploads\/sites\/9\/2024\/05\/00110009-macarondouble-1.jpg\",\"datePublished\":\"2024-05-05T11:09:37+00:00\",\"dateModified\":\"2024-09-18T08:03:00+00:00\",\"breadcrumb\":{\"@id\":\"https:\/\/www.carrement-bon.be\/belgrade\/produit\/macarons-etui-double\/#breadcrumb\"},\"inLanguage\":\"fr-FR\",\"potentialAction\":[{\"@type\":\"ReadAction\",\"target\":[\"https:\/\/www.carrement-bon.be\/belgrade\/produit\/macarons-etui-double\/\"]}]},{\"@type\":\"ImageObject\",\"inLanguage\":\"fr-FR\",\"@id\":\"https:\/\/www.carrement-bon.be\/belgrade\/produit\/macarons-etui-double\/#primaryimage\",\"url\":\"https:\/\/www.carrement-bon.be\/belgrade\/wp-content\/uploads\/sites\/9\/2024\/05\/00110009-macarondouble-1.jpg\",\"contentUrl\":\"https:\/\/www.carrement-bon.be\/belgrade\/wp-content\/uploads\/sites\/9\/2024\/05\/00110009-macarondouble-1.jpg\",\"width\":480,\"height\":480},{\"@type\":\"BreadcrumbList\",\"@id\":\"https:\/\/www.carrement-bon.be\/belgrade\/produit\/macarons-etui-double\/#breadcrumb\",\"itemListElement\":[{\"@type\":\"ListItem\",\"position\":1,\"name\":\"Accueil\",\"item\":\"https:\/\/www.carrement-bon.be\/belgrade\/\"},{\"@type\":\"ListItem\",\"position\":2,\"name\":\"Boutique\",\"item\":\"https:\/\/www.carrement-bon.be\/belgrade\/boutique\/\"},{\"@type\":\"ListItem\",\"position\":3,\"name\":\"MACARONS ETUI DOUBLE\"}]},{\"@type\":\"WebSite\",\"@id\":\"https:\/\/www.carrement-bon.be\/belgrade\/#website\",\"url\":\"https:\/\/www.carrement-bon.be\/belgrade\/\",\"name\":\"Carr\u00e9ment BON - Boutique de Namur - Belgrade\",\"description\":\"\",\"potentialAction\":[{\"@type\":\"SearchAction\",\"target\":{\"@type\":\"EntryPoint\",\"urlTemplate\":\"https:\/\/www.carrement-bon.be\/belgrade\/?s={search_term_string}\"},\"query-input\":{\"@type\":\"PropertyValueSpecification\",\"valueRequired\":true,\"valueName\":\"search_term_string\"}}],\"inLanguage\":\"fr-FR\"}]}<\/script>\n<!-- \/ Yoast SEO plugin. -->","yoast_head_json":{"title":"MACARONS ETUI DOUBLE - Carr\u00e9ment BON - Boutique de Namur - Belgrade","robots":{"index":"index","follow":"follow","max-snippet":"max-snippet:-1","max-image-preview":"max-image-preview:large","max-video-preview":"max-video-preview:-1"},"canonical":"https:\/\/www.carrement-bon.be\/belgrade\/produit\/macarons-etui-double\/","og_locale":"fr_FR","og_type":"article","og_title":"MACARONS ETUI DOUBLE - Carr\u00e9ment BON - Boutique de Namur - Belgrade","og_description":"Gourmandises \u00e0 base d&rsquo;\u0153uf et de poudre d&rsquo;amande fourr\u00e9es de ganache aux go\u00fbts multiples (vanille, chocolat amer, caf\u00e9, caramel, sp\u00e9culoos, pralin\u00e9, framboise, passion, citron, griotte, violette et pisache). L&rsquo;\u00e9tui double comprend 14 pi\u00e8ces aux go\u00fbts vari\u00e9s. Notez que les macarons violette, framboise et citron sont certifi\u00e9s sans lactose puisqu&rsquo;ils sont fourr\u00e9s avec une gel\u00e9e de [&hellip;]","og_url":"https:\/\/www.carrement-bon.be\/belgrade\/produit\/macarons-etui-double\/","og_site_name":"Carr\u00e9ment BON - Boutique de Namur - Belgrade","article_modified_time":"2024-09-18T08:03:00+00:00","og_image":[{"width":480,"height":480,"url":"https:\/\/www.carrement-bon.be\/belgrade\/wp-content\/uploads\/sites\/9\/2024\/05\/00110009-macarondouble-1.jpg","type":"image\/jpeg"}],"twitter_card":"summary_large_image","schema":{"@context":"https:\/\/schema.org","@graph":[{"@type":"WebPage","@id":"https:\/\/www.carrement-bon.be\/belgrade\/produit\/macarons-etui-double\/","url":"https:\/\/www.carrement-bon.be\/belgrade\/produit\/macarons-etui-double\/","name":"MACARONS ETUI DOUBLE - Carr\u00e9ment BON - Boutique de Namur - Belgrade","isPartOf":{"@id":"https:\/\/www.carrement-bon.be\/belgrade\/#website"},"primaryImageOfPage":{"@id":"https:\/\/www.carrement-bon.be\/belgrade\/produit\/macarons-etui-double\/#primaryimage"},"image":{"@id":"https:\/\/www.carrement-bon.be\/belgrade\/produit\/macarons-etui-double\/#primaryimage"},"thumbnailUrl":"https:\/\/www.carrement-bon.be\/belgrade\/wp-content\/uploads\/sites\/9\/2024\/05\/00110009-macarondouble-1.jpg","datePublished":"2024-05-05T11:09:37+00:00","dateModified":"2024-09-18T08:03:00+00:00","breadcrumb":{"@id":"https:\/\/www.carrement-bon.be\/belgrade\/produit\/macarons-etui-double\/#breadcrumb"},"inLanguage":"fr-FR","potentialAction":[{"@type":"ReadAction","target":["https:\/\/www.carrement-bon.be\/belgrade\/produit\/macarons-etui-double\/"]}]},{"@type":"ImageObject","inLanguage":"fr-FR","@id":"https:\/\/www.carrement-bon.be\/belgrade\/produit\/macarons-etui-double\/#primaryimage","url":"https:\/\/www.carrement-bon.be\/belgrade\/wp-content\/uploads\/sites\/9\/2024\/05\/00110009-macarondouble-1.jpg","contentUrl":"https:\/\/www.carrement-bon.be\/belgrade\/wp-content\/uploads\/sites\/9\/2024\/05\/00110009-macarondouble-1.jpg","width":480,"height":480},{"@type":"BreadcrumbList","@id":"https:\/\/www.carrement-bon.be\/belgrade\/produit\/macarons-etui-double\/#breadcrumb","itemListElement":[{"@type":"ListItem","position":1,"name":"Accueil","item":"https:\/\/www.carrement-bon.be\/belgrade\/"},{"@type":"ListItem","position":2,"name":"Boutique","item":"https:\/\/www.carrement-bon.be\/belgrade\/boutique\/"},{"@type":"ListItem","position":3,"name":"MACARONS ETUI DOUBLE"}]},{"@type":"WebSite","@id":"https:\/\/www.carrement-bon.be\/belgrade\/#website","url":"https:\/\/www.carrement-bon.be\/belgrade\/","name":"Carr\u00e9ment BON - Boutique de Namur - Belgrade","description":"","potentialAction":[{"@type":"SearchAction","target":{"@type":"EntryPoint","urlTemplate":"https:\/\/www.carrement-bon.be\/belgrade\/?s={search_term_string}"},"query-input":{"@type":"PropertyValueSpecification","valueRequired":true,"valueName":"search_term_string"}}],"inLanguage":"fr-FR"}]}},"_links":{"self":[{"href":"https:\/\/www.carrement-bon.be\/belgrade\/wp-json\/wp\/v2\/product\/263","targetHints":{"allow":["GET"]}}],"collection":[{"href":"https:\/\/www.carrement-bon.be\/belgrade\/wp-json\/wp\/v2\/product"}],"about":[{"href":"https:\/\/www.carrement-bon.be\/belgrade\/wp-json\/wp\/v2\/types\/product"}],"replies":[{"embeddable":true,"href":"https:\/\/www.carrement-bon.be\/belgrade\/wp-json\/wp\/v2\/comments?post=263"}],"wp:featuredmedia":[{"embeddable":true,"href":"https:\/\/www.carrement-bon.be\/belgrade\/wp-json\/wp\/v2\/media\/147"}],"wp:attachment":[{"href":"https:\/\/www.carrement-bon.be\/belgrade\/wp-json\/wp\/v2\/media?parent=263"}],"wp:term":[{"taxonomy":"product_brand","embeddable":true,"href":"https:\/\/www.carrement-bon.be\/belgrade\/wp-json\/wp\/v2\/product_brand?post=263"},{"taxonomy":"product_cat","embeddable":true,"href":"https:\/\/www.carrement-bon.be\/belgrade\/wp-json\/wp\/v2\/product_cat?post=263"},{"taxonomy":"product_tag","embeddable":true,"href":"https:\/\/www.carrement-bon.be\/belgrade\/wp-json\/wp\/v2\/product_tag?post=263"}],"curies":[{"name":"wp","href":"https:\/\/api.w.org\/{rel}","templated":true}]}}